{"id":89,"date":"2021-01-07T17:48:08","date_gmt":"2021-01-07T16:48:08","guid":{"rendered":"http:\/\/testeglise.ovh\/?page_id=89"},"modified":"2024-02-07T17:12:41","modified_gmt":"2024-02-07T16:12:41","slug":"visites","status":"publish","type":"page","link":"https:\/\/eglisedebrie.fr\/?page_id=89","title":{"rendered":"Visites"},"content":{"rendered":"\n<h3 class=\"wp-block-heading\">Les visites pour les groupes d&rsquo;adultes<\/h3>\n\n\n\n<p>L\u2019association Les Amis du Vieux Ch\u00e2teau qui a suivi la restauration pendant 21 ans, propose des circuits de visites guid\u00e9es de l&rsquo;\u00e9glise.<\/p>\n\n\n\n<figure class=\"wp-block-gallery aligncenter has-nested-images columns-default is-cropped wp-block-gallery-1 is-layout-flex wp-block-gallery-is-layout-flex\">\n<figure class=\"wp-block-image size-large\"><img loading=\"lazy\" decoding=\"async\" width=\"830\" height=\"622\" data-id=\"2009\" src=\"https:\/\/eglisedebrie.fr\/wp-content\/uploads\/2021\/02\/visite_eglise.jpg\" alt=\"\" class=\"wp-image-2009\" srcset=\"https:\/\/eglisedebrie.fr\/wp-content\/uploads\/2021\/02\/visite_eglise.jpg 830w, https:\/\/eglisedebrie.fr\/wp-content\/uploads\/2021\/02\/visite_eglise-300x225.jpg 300w, https:\/\/eglisedebrie.fr\/wp-content\/uploads\/2021\/02\/visite_eglise-768x576.jpg 768w\" sizes=\"auto, (max-width: 830px) 100vw, 830px\" \/><\/figure>\n\n\n\n<figure class=\"wp-block-image size-large\"><img loading=\"lazy\" decoding=\"async\" width=\"1024\" height=\"682\" data-id=\"3668\" src=\"https:\/\/eglisedebrie.fr\/wp-content\/uploads\/2023\/10\/visite_eglise-1024x682-1.jpg\" alt=\"\" class=\"wp-image-3668\" srcset=\"https:\/\/eglisedebrie.fr\/wp-content\/uploads\/2023\/10\/visite_eglise-1024x682-1.jpg 1024w, https:\/\/eglisedebrie.fr\/wp-content\/uploads\/2023\/10\/visite_eglise-1024x682-1-300x200.jpg 300w, https:\/\/eglisedebrie.fr\/wp-content\/uploads\/2023\/10\/visite_eglise-1024x682-1-768x512.jpg 768w, https:\/\/eglisedebrie.fr\/wp-content\/uploads\/2023\/10\/visite_eglise-1024x682-1-900x599.jpg 900w\" sizes=\"auto, (max-width: 1024px) 100vw, 1024px\" \/><\/figure>\n<\/figure>\n\n\n\n<p>Il est possible de visiter l&rsquo;\u00e9glise en fonction d&rsquo;une th\u00e9matique :<\/p>\n\n\n\n<ul class=\"wp-block-list\">\n<li>visite \u00e0 la jumelle : les vitraux<\/li>\n\n\n\n<li>les tableaux et le mobilier liturgique<\/li>\n\n\n\n<li>l&rsquo;architecture gothique  <\/li>\n\n\n\n<li>les restaurations <\/li>\n<\/ul>\n\n\n\n<p>R\u00e9guli\u00e8rement, l&rsquo;association propose ce type de visites dans le cadre de la Saison Patrimoine.<\/p>\n\n\n\n<p>Contact : T\u00b0 01 640 563 31 ou contact@amisduvieuxchateau.org<\/p>\n\n\n\n<p>Pour tout renseignement compl\u00e9mentaire : <a href=\"http:\/\/www.amisduvieuxchateau.org\">www.amisduvieuxchateau.org<\/a><\/p>\n\n\n\n<h3 class=\"wp-block-heading\">Les visites pour les groupes scolaires et p\u00e9riscolaires <\/h3>\n\n\n\n<p>L\u2019\u00e9quipe p\u00e9dagogique de l\u2019association,  propose aux classes (du CP au Lyc\u00e9e) mais \u00e9galement aux Centres de loisirs, Services Jeunesse, etc\u2026 de visiter l\u2019\u00e9glise Saint-\u00c9tienne tout au long de l\u2019ann\u00e9e (sauf en ao\u00fbt).<\/p>\n\n\n\n<p>Durant cette visite, plusieurs th\u00e8mes sont abord\u00e9s&nbsp;: l\u2019histoire de l\u2019\u00e9glise, son architecture, ses diff\u00e9rents remaniements, ses vitraux et sa derni\u00e8re restauration qui s\u2019est achev\u00e9e en 2019.<\/p>\n\n\n\n<figure class=\"wp-block-image size-full is-resized\"><img loading=\"lazy\" decoding=\"async\" width=\"1024\" height=\"768\" src=\"https:\/\/eglisedebrie.fr\/wp-content\/uploads\/2023\/10\/IMG_0003-1024x768-1.jpg\" alt=\"\" class=\"wp-image-3670\" srcset=\"https:\/\/eglisedebrie.fr\/wp-content\/uploads\/2023\/10\/IMG_0003-1024x768-1.jpg 1024w, https:\/\/eglisedebrie.fr\/wp-content\/uploads\/2023\/10\/IMG_0003-1024x768-1-300x225.jpg 300w, https:\/\/eglisedebrie.fr\/wp-content\/uploads\/2023\/10\/IMG_0003-1024x768-1-768x576.jpg 768w, https:\/\/eglisedebrie.fr\/wp-content\/uploads\/2023\/10\/IMG_0003-1024x768-1-900x675.jpg 900w\" sizes=\"auto, (max-width: 1024px) 100vw, 1024px\" \/><\/figure>\n\n\n<div class=\"wp-block-image is-resized\">\n<figure class=\"alignright size-full\"><img loading=\"lazy\" decoding=\"async\" width=\"1024\" height=\"768\" src=\"https:\/\/eglisedebrie.fr\/wp-content\/uploads\/2023\/10\/IMG_4914-1024x768-1.jpg\" alt=\"\" class=\"wp-image-3671\" srcset=\"https:\/\/eglisedebrie.fr\/wp-content\/uploads\/2023\/10\/IMG_4914-1024x768-1.jpg 1024w, https:\/\/eglisedebrie.fr\/wp-content\/uploads\/2023\/10\/IMG_4914-1024x768-1-300x225.jpg 300w, https:\/\/eglisedebrie.fr\/wp-content\/uploads\/2023\/10\/IMG_4914-1024x768-1-768x576.jpg 768w, https:\/\/eglisedebrie.fr\/wp-content\/uploads\/2023\/10\/IMG_4914-1024x768-1-900x675.jpg 900w\" sizes=\"auto, (max-width: 1024px) 100vw, 1024px\" \/><figcaption class=\"wp-element-caption\">Atelier Vitrail<\/figcaption><\/figure>\n<\/div>\n\n\n<p>En compl\u00e9ment de la visite, il est possible de participer \u00e0 des ateliers p\u00e9dagogiques en lien direct avec l\u2019\u00e9glise. <\/p>\n\n\n\n<p>Toutes les activit\u00e9s p\u00e9dagogiques d\u00e9di\u00e9es aux groupes&nbsp;scolaires et p\u00e9riscolaires sont consultables sur le site Internet des Amis du Vieux Ch\u00e2teau de Brie-Comte-Robert&nbsp;<\/p>\n\n\n\n<p>Contact : T\u00b0 01 64 05 63 31 ou contact@amisduvieuxchateau.org<\/p>\n\n\n\n<p>Pour tout renseignement compl\u00e9mentaire : <a href=\"http:\/\/www.amisduvieuxchateau.org\">www.amisduvieuxchateau.org<\/a><\/p>\n\n\n\n<p>L&rsquo;\u00e9glise est ouverte tous les jours de 8h30 \u00e0 18h. Avant de vous y rendre, merci de respecter et d&rsquo;\u00e9viter les horaires des offices :<\/p>\n\n\n\n<h3 class=\"wp-block-heading\">Les visites en autonomie<\/h3>\n\n\n\n<ul class=\"wp-block-list\">\n<li>les messes : tous les jours \u00e0 8h35 et le dimanche \u00e0 11h<\/li>\n\n\n\n<li>les confessions : tous les samedis de 10h \u00e0 10h30 <\/li>\n\n\n\n<li>l&rsquo;Adoration et les v\u00eapres : tous les dimanches \u00e0 17h<\/li>\n<\/ul>\n\n\n\n<p>Depuis f\u00e9vrier 2019, la premi\u00e8re chapelle du bas-c\u00f4t\u00e9 sud de l\u2019\u00e9glise accueille des panneaux d\u2019explication des restaurations ainsi que des pupitres avant\/apr\u00e8s t\u00e9moignant de l&rsquo;\u00e9volution de ces travaux. Dans cette chapelle, vous trouverez \u00e9galement un plan de visite \u00e0 emprunter et \u00e0 remettre ensuite sur son pr\u00e9sentoir, vous invitant \u00e0 d\u00e9couvrir les \u00e9l\u00e9ments remarquables de l&rsquo;\u00e9glise. <\/p>\n\n\n\n<figure class=\"wp-block-image size-full\"><img loading=\"lazy\" decoding=\"async\" width=\"1024\" height=\"768\" src=\"https:\/\/eglisedebrie.fr\/wp-content\/uploads\/2023\/10\/chapelle-culturelle-2-fevrier-1024x768-1.jpg\" alt=\"\" class=\"wp-image-3673\" srcset=\"https:\/\/eglisedebrie.fr\/wp-content\/uploads\/2023\/10\/chapelle-culturelle-2-fevrier-1024x768-1.jpg 1024w, https:\/\/eglisedebrie.fr\/wp-content\/uploads\/2023\/10\/chapelle-culturelle-2-fevrier-1024x768-1-300x225.jpg 300w, https:\/\/eglisedebrie.fr\/wp-content\/uploads\/2023\/10\/chapelle-culturelle-2-fevrier-1024x768-1-768x576.jpg 768w, https:\/\/eglisedebrie.fr\/wp-content\/uploads\/2023\/10\/chapelle-culturelle-2-fevrier-1024x768-1-900x675.jpg 900w\" sizes=\"auto, (max-width: 1024px) 100vw, 1024px\" \/><\/figure>\n\n\n\n<p>Vous pouvez \u00e9galement visiter<\/p>\n\n\n\n<p><a href=\"http:\/\/www.amisduvieuxchateau.org\">Le chateau de Brie Comte Robert<\/a><\/p>\n\n\n\n<p><a href=\"http:\/\/www.hoteldieudebrie.org\">L&rsquo;h\u00f4tel-Dieu<\/a><\/p>\n","protected":false},"excerpt":{"rendered":"<p>Les visites pour les groupes d&rsquo;adultes L\u2019association Les Amis du Vieux Ch\u00e2teau qui a suivi la restauration pendant 21 ans, propose des circuits de visites guid\u00e9es de l&rsquo;\u00e9glise. Il est possible de visiter l&rsquo;\u00e9glise en fonction d&rsquo;une th\u00e9matique : R\u00e9guli\u00e8rement, l&rsquo;association propose ce type de visites dans le cadre de la Saison Patrimoine. Contact : [&hellip;]<\/p>\n","protected":false},"author":1,"featured_media":662,"parent":0,"menu_order":0,"comment_status":"closed","ping_status":"closed","template":"","meta":{"footnotes":""},"class_list":["post-89","page","type-page","status-publish","has-post-thumbnail","hentry"],"yoast_head":"<!-- This site is optimized with the Yoast SEO plugin v21.5 - https:\/\/yoast.com\/wordpress\/plugins\/seo\/ -->\n<title>Visites - Eglise Saint-Etienne de Brie-Comte-Robert<\/title>\n<meta name=\"robots\" content=\"index, follow, max-snippet:-1, max-image-preview:large, max-video-preview:-1\" \/>\n<link rel=\"canonical\" href=\"https:\/\/eglisedebrie.fr\/?page_id=89\" \/>\n<meta property=\"og:locale\" content=\"fr_FR\" \/>\n<meta property=\"og:type\" content=\"article\" \/>\n<meta property=\"og:title\" content=\"Visites - Eglise Saint-Etienne de Brie-Comte-Robert\" \/>\n<meta property=\"og:description\" content=\"Les visites pour les groupes d&rsquo;adultes L\u2019association Les Amis du Vieux Ch\u00e2teau qui a suivi la restauration pendant 21 ans, propose des circuits de visites guid\u00e9es de l&rsquo;\u00e9glise. Il est possible de visiter l&rsquo;\u00e9glise en fonction d&rsquo;une th\u00e9matique : R\u00e9guli\u00e8rement, l&rsquo;association propose ce type de visites dans le cadre de la Saison Patrimoine. Contact : [&hellip;]\" \/>\n<meta property=\"og:url\" content=\"https:\/\/eglisedebrie.fr\/?page_id=89\" \/>\n<meta property=\"og:site_name\" content=\"Eglise Saint-Etienne de Brie-Comte-Robert\" \/>\n<meta property=\"article:modified_time\" content=\"2024-02-07T16:12:41+00:00\" \/>\n<meta property=\"og:image\" content=\"http:\/\/eglisedebrie.fr\/wp-content\/uploads\/2021\/01\/Brie_ChapBCN_T6.jpg\" \/>\n\t<meta property=\"og:image:width\" content=\"1286\" \/>\n\t<meta property=\"og:image:height\" content=\"783\" \/>\n\t<meta property=\"og:image:type\" content=\"image\/jpeg\" \/>\n<meta name=\"twitter:card\" content=\"summary_large_image\" \/>\n<meta name=\"twitter:label1\" content=\"Dur\u00e9e de lecture estim\u00e9e\" \/>\n\t<meta name=\"twitter:data1\" content=\"3 minutes\" \/>\n<script type=\"application\/ld+json\" class=\"yoast-schema-graph\">{\"@context\":\"https:\/\/schema.org\",\"@graph\":[{\"@type\":\"WebPage\",\"@id\":\"https:\/\/eglisedebrie.fr\/?page_id=89\",\"url\":\"https:\/\/eglisedebrie.fr\/?page_id=89\",\"name\":\"Visites - Eglise Saint-Etienne de Brie-Comte-Robert\",\"isPartOf\":{\"@id\":\"https:\/\/eglisedebrie.fr\/#website\"},\"datePublished\":\"2021-01-07T16:48:08+00:00\",\"dateModified\":\"2024-02-07T16:12:41+00:00\",\"breadcrumb\":{\"@id\":\"https:\/\/eglisedebrie.fr\/?page_id=89#breadcrumb\"},\"inLanguage\":\"fr-FR\",\"potentialAction\":[{\"@type\":\"ReadAction\",\"target\":[\"https:\/\/eglisedebrie.fr\/?page_id=89\"]}]},{\"@type\":\"BreadcrumbList\",\"@id\":\"https:\/\/eglisedebrie.fr\/?page_id=89#breadcrumb\",\"itemListElement\":[{\"@type\":\"ListItem\",\"position\":1,\"name\":\"Accueil\",\"item\":\"https:\/\/eglisedebrie.fr\/\"},{\"@type\":\"ListItem\",\"position\":2,\"name\":\"Visites\"}]},{\"@type\":\"WebSite\",\"@id\":\"https:\/\/eglisedebrie.fr\/#website\",\"url\":\"https:\/\/eglisedebrie.fr\/\",\"name\":\"Eglise Saint-Etienne de Brie-Comte-Robert\",\"description\":\"\u00a9 Les Amis du Vieux Ch\u00e2teau\",\"potentialAction\":[{\"@type\":\"SearchAction\",\"target\":{\"@type\":\"EntryPoint\",\"urlTemplate\":\"https:\/\/eglisedebrie.fr\/?s={search_term_string}\"},\"query-input\":\"required name=search_term_string\"}],\"inLanguage\":\"fr-FR\"}]}<\/script>\n<!-- \/ Yoast SEO plugin. -->","yoast_head_json":{"title":"Visites - Eglise Saint-Etienne de Brie-Comte-Robert","robots":{"index":"index","follow":"follow","max-snippet":"max-snippet:-1","max-image-preview":"max-image-preview:large","max-video-preview":"max-video-preview:-1"},"canonical":"https:\/\/eglisedebrie.fr\/?page_id=89","og_locale":"fr_FR","og_type":"article","og_title":"Visites - Eglise Saint-Etienne de Brie-Comte-Robert","og_description":"Les visites pour les groupes d&rsquo;adultes L\u2019association Les Amis du Vieux Ch\u00e2teau qui a suivi la restauration pendant 21 ans, propose des circuits de visites guid\u00e9es de l&rsquo;\u00e9glise. Il est possible de visiter l&rsquo;\u00e9glise en fonction d&rsquo;une th\u00e9matique : R\u00e9guli\u00e8rement, l&rsquo;association propose ce type de visites dans le cadre de la Saison Patrimoine. Contact : [&hellip;]","og_url":"https:\/\/eglisedebrie.fr\/?page_id=89","og_site_name":"Eglise Saint-Etienne de Brie-Comte-Robert","article_modified_time":"2024-02-07T16:12:41+00:00","og_image":[{"width":1286,"height":783,"url":"http:\/\/eglisedebrie.fr\/wp-content\/uploads\/2021\/01\/Brie_ChapBCN_T6.jpg","type":"image\/jpeg"}],"twitter_card":"summary_large_image","twitter_misc":{"Dur\u00e9e de lecture estim\u00e9e":"3 minutes"},"schema":{"@context":"https:\/\/schema.org","@graph":[{"@type":"WebPage","@id":"https:\/\/eglisedebrie.fr\/?page_id=89","url":"https:\/\/eglisedebrie.fr\/?page_id=89","name":"Visites - Eglise Saint-Etienne de Brie-Comte-Robert","isPartOf":{"@id":"https:\/\/eglisedebrie.fr\/#website"},"datePublished":"2021-01-07T16:48:08+00:00","dateModified":"2024-02-07T16:12:41+00:00","breadcrumb":{"@id":"https:\/\/eglisedebrie.fr\/?page_id=89#breadcrumb"},"inLanguage":"fr-FR","potentialAction":[{"@type":"ReadAction","target":["https:\/\/eglisedebrie.fr\/?page_id=89"]}]},{"@type":"BreadcrumbList","@id":"https:\/\/eglisedebrie.fr\/?page_id=89#breadcrumb","itemListElement":[{"@type":"ListItem","position":1,"name":"Accueil","item":"https:\/\/eglisedebrie.fr\/"},{"@type":"ListItem","position":2,"name":"Visites"}]},{"@type":"WebSite","@id":"https:\/\/eglisedebrie.fr\/#website","url":"https:\/\/eglisedebrie.fr\/","name":"Eglise Saint-Etienne de Brie-Comte-Robert","description":"\u00a9 Les Amis du Vieux Ch\u00e2teau","potentialAction":[{"@type":"SearchAction","target":{"@type":"EntryPoint","urlTemplate":"https:\/\/eglisedebrie.fr\/?s={search_term_string}"},"query-input":"required name=search_term_string"}],"inLanguage":"fr-FR"}]}},"_links":{"self":[{"href":"https:\/\/eglisedebrie.fr\/index.php?rest_route=\/wp\/v2\/pages\/89","targetHints":{"allow":["GET"]}}],"collection":[{"href":"https:\/\/eglisedebrie.fr\/index.php?rest_route=\/wp\/v2\/pages"}],"about":[{"href":"https:\/\/eglisedebrie.fr\/index.php?rest_route=\/wp\/v2\/types\/page"}],"author":[{"embeddable":true,"href":"https:\/\/eglisedebrie.fr\/index.php?rest_route=\/wp\/v2\/users\/1"}],"replies":[{"embeddable":true,"href":"https:\/\/eglisedebrie.fr\/index.php?rest_route=%2Fwp%2Fv2%2Fcomments&post=89"}],"version-history":[{"count":8,"href":"https:\/\/eglisedebrie.fr\/index.php?rest_route=\/wp\/v2\/pages\/89\/revisions"}],"predecessor-version":[{"id":4269,"href":"https:\/\/eglisedebrie.fr\/index.php?rest_route=\/wp\/v2\/pages\/89\/revisions\/4269"}],"wp:featuredmedia":[{"embeddable":true,"href":"https:\/\/eglisedebrie.fr\/index.php?rest_route=\/wp\/v2\/media\/662"}],"wp:attachment":[{"href":"https:\/\/eglisedebrie.fr\/index.php?rest_route=%2Fwp%2Fv2%2Fmedia&parent=89"}],"curies":[{"name":"wp","href":"https:\/\/api.w.org\/{rel}","templated":true}]}}