{"id":87,"date":"2021-01-07T17:48:08","date_gmt":"2021-01-07T16:48:08","guid":{"rendered":"http:\/\/testeglise.ovh\/?page_id=87"},"modified":"2023-10-27T20:28:00","modified_gmt":"2023-10-27T18:28:00","slug":"restauration-xxe","status":"publish","type":"page","link":"https:\/\/eglisedebrie.fr\/?page_id=87","title":{"rendered":"Restauration XXe"},"content":{"rendered":"\n<p>Au cours des si\u00e8cles, et en particulier apr\u00e8s son classement au titre des Monuments historiques en 1840, l\u2019\u00e9glise a connu de nombreuses r\u00e9parations et consolidations.<\/p>\n\n\n\n<p>Depuis la loi de la s\u00e9paration des \u00c9glises et de l\u2019\u00c9tat en 1905, la commune est propri\u00e9taire de l\u2019\u00e9glise<em>.<\/em> Elle est le ma\u00eetre d\u2019ouvrage des chantiers c\u2019est-\u00e0-dire qu\u2019elle passe commande et d\u00e9cide de la r\u00e9alisation d\u2019\u00e9ventuels travaux. Plusieurs restaurations du gros \u0153uvre ont \u00e9t\u00e9 conduites par l\u2019architecte local Eug\u00e8ne Blondeau : corniche, baies hautes, clocher, fl\u00e8che du clocher (1903).<\/p>\n\n\n\n<p>L\u2019\u00e9tude des styles des fa\u00e7ades montre clairement qu\u2019une restauration importante a eu lieu au XVIe si\u00e8cle.<\/p>\n\n\n\n<p>A l\u2019int\u00e9rieur l\u2019on constate en examinant les piliers de la nef, une reprise des quatre premi\u00e8res trav\u00e9es.<\/p>\n\n\n\n<p>S\u2019agissant des voutes de la nef, seules les deux premi\u00e8res ont \u00e9t\u00e9 refaites.<\/p>\n\n\n\n<p>En examinant attentivement le cot\u00e9 Sud de la nef nous observons un d\u00e9calage de niveau au droit du 3<sup>\u00e8me<\/sup> pilier, que la r\u00e9fection n\u2019a pas totalement masqu\u00e9.<\/p>\n\n\n\n<p>Le triforium* Sud des premi\u00e8res trav\u00e9es a \u00e9t\u00e9 r\u00e9duit, probablement pour rigidifier les ma\u00e7onneries au droit de la reprise.<\/p>\n\n\n\n<p>Cela fait penser \u00e0 un tassement intervenu au droit de ce pilier soit \u00e0 cause d\u2019une faiblesse de la fondation ou bien suite \u00e0 un accident externe (dommage de guerre&nbsp;?).<\/p>\n\n\n\n<p>L\u2019histoire locale ne nous apporte actuellement aucun \u00e9l\u00e9ment permettant de privil\u00e9gier une hypoth\u00e8se.<\/p>\n\n\n\n<p>Cette \u00e9glise St Etienne en est un bel&nbsp; exemple de participation financi\u00e8re de la population, puisqu\u2019aujourd\u2019hui encore la restauration a \u00e9t\u00e9 r\u00e9alis\u00e9e de cette fa\u00e7on, ayant \u00e9t\u00e9 financ\u00e9e par l\u2019argent public qu\u2019il soit communal ou national.<\/p>\n\n\n\n<figure class=\"wp-block-image size-large\"><img loading=\"lazy\" decoding=\"async\" width=\"1024\" height=\"768\" src=\"https:\/\/eglisedebrie.fr\/wp-content\/uploads\/2023\/10\/sud_27-3-13_13-1024x768.jpg\" alt=\"\" class=\"wp-image-4163\" srcset=\"https:\/\/eglisedebrie.fr\/wp-content\/uploads\/2023\/10\/sud_27-3-13_13-1024x768.jpg 1024w, https:\/\/eglisedebrie.fr\/wp-content\/uploads\/2023\/10\/sud_27-3-13_13-300x225.jpg 300w, https:\/\/eglisedebrie.fr\/wp-content\/uploads\/2023\/10\/sud_27-3-13_13-768x576.jpg 768w, https:\/\/eglisedebrie.fr\/wp-content\/uploads\/2023\/10\/sud_27-3-13_13-1536x1152.jpg 1536w, https:\/\/eglisedebrie.fr\/wp-content\/uploads\/2023\/10\/sud_27-3-13_13-900x675.jpg 900w, https:\/\/eglisedebrie.fr\/wp-content\/uploads\/2023\/10\/sud_27-3-13_13-1280x960.jpg 1280w, https:\/\/eglisedebrie.fr\/wp-content\/uploads\/2023\/10\/sud_27-3-13_13.jpg 1800w\" sizes=\"auto, (max-width: 1024px) 100vw, 1024px\" \/><\/figure>\n\n\n\n<p>C\u2019est \u00e0 partir de 1997 qu\u2019un grand programme de restauration totale de l\u2019\u00e9glise a \u00e9t\u00e9 d\u00e9cid\u00e9 par la volont\u00e9 de la municipalit\u00e9, avec l\u2019aide du minist\u00e8re de la Culture, la R\u00e9gion et le D\u00e9partement. Les premi\u00e8res campagnes se sont attach\u00e9es \u00e0 la restauration ext\u00e9rieure de l\u2019\u00e9difice, puis, de 2011 \u00e0 2018, \u00e0 la restauration int\u00e9rieure. La direction de cette restauration a \u00e9t\u00e9 confi\u00e9e \u00e0 Monsieur Jacques Moulin, Architecte en chef des monuments historiques.<\/p>\n\n\n\n<p>Le 4 f\u00e9vrier 2019 la commune a organis\u00e9 une c\u00e9r\u00e9monie pour c\u00e9l\u00e9brer la fin des travaux.<\/p>\n\n\n\n<figure class=\"wp-block-image size-full\"><img loading=\"lazy\" decoding=\"async\" width=\"1280\" height=\"720\" src=\"http:\/\/eglisedebrie.fr\/wp-content\/uploads\/2021\/02\/73l5t-fyrd1.gif\" alt=\"\" class=\"wp-image-1586\"\/><\/figure>\n","protected":false},"excerpt":{"rendered":"<p>Au cours des si\u00e8cles, et en particulier apr\u00e8s son classement au titre des Monuments historiques en 1840, l\u2019\u00e9glise a connu de nombreuses r\u00e9parations et consolidations. Depuis la loi de la s\u00e9paration des \u00c9glises et de l\u2019\u00c9tat en 1905, la commune est propri\u00e9taire de l\u2019\u00e9glise. Elle est le ma\u00eetre d\u2019ouvrage des chantiers c\u2019est-\u00e0-dire qu\u2019elle passe commande [&hellip;]<\/p>\n","protected":false},"author":1,"featured_media":649,"parent":0,"menu_order":0,"comment_status":"closed","ping_status":"closed","template":"","meta":{"footnotes":""},"class_list":["post-87","page","type-page","status-publish","has-post-thumbnail","hentry"],"yoast_head":"<!-- This site is optimized with the Yoast SEO plugin v21.5 - https:\/\/yoast.com\/wordpress\/plugins\/seo\/ -->\n<title>Restauration XXe - Eglise Saint-Etienne de Brie-Comte-Robert<\/title>\n<meta name=\"robots\" content=\"index, follow, max-snippet:-1, max-image-preview:large, max-video-preview:-1\" \/>\n<link rel=\"canonical\" href=\"https:\/\/eglisedebrie.fr\/?page_id=87\" \/>\n<meta property=\"og:locale\" content=\"fr_FR\" \/>\n<meta property=\"og:type\" content=\"article\" \/>\n<meta property=\"og:title\" content=\"Restauration XXe - Eglise Saint-Etienne de Brie-Comte-Robert\" \/>\n<meta property=\"og:description\" content=\"Au cours des si\u00e8cles, et en particulier apr\u00e8s son classement au titre des Monuments historiques en 1840, l\u2019\u00e9glise a connu de nombreuses r\u00e9parations et consolidations. Depuis la loi de la s\u00e9paration des \u00c9glises et de l\u2019\u00c9tat en 1905, la commune est propri\u00e9taire de l\u2019\u00e9glise. Elle est le ma\u00eetre d\u2019ouvrage des chantiers c\u2019est-\u00e0-dire qu\u2019elle passe commande [&hellip;]\" \/>\n<meta property=\"og:url\" content=\"https:\/\/eglisedebrie.fr\/?page_id=87\" \/>\n<meta property=\"og:site_name\" content=\"Eglise Saint-Etienne de Brie-Comte-Robert\" \/>\n<meta property=\"article:modified_time\" content=\"2023-10-27T18:28:00+00:00\" \/>\n<meta property=\"og:image\" content=\"https:\/\/eglisedebrie.fr\/wp-content\/uploads\/2021\/01\/echaffaudage.png\" \/>\n\t<meta property=\"og:image:width\" content=\"945\" \/>\n\t<meta property=\"og:image:height\" content=\"708\" \/>\n\t<meta property=\"og:image:type\" content=\"image\/png\" \/>\n<meta name=\"twitter:card\" content=\"summary_large_image\" \/>\n<meta name=\"twitter:label1\" content=\"Dur\u00e9e de lecture estim\u00e9e\" \/>\n\t<meta name=\"twitter:data1\" content=\"2 minutes\" \/>\n<script type=\"application\/ld+json\" class=\"yoast-schema-graph\">{\"@context\":\"https:\/\/schema.org\",\"@graph\":[{\"@type\":\"WebPage\",\"@id\":\"https:\/\/eglisedebrie.fr\/?page_id=87\",\"url\":\"https:\/\/eglisedebrie.fr\/?page_id=87\",\"name\":\"Restauration XXe - Eglise Saint-Etienne de Brie-Comte-Robert\",\"isPartOf\":{\"@id\":\"https:\/\/eglisedebrie.fr\/#website\"},\"datePublished\":\"2021-01-07T16:48:08+00:00\",\"dateModified\":\"2023-10-27T18:28:00+00:00\",\"breadcrumb\":{\"@id\":\"https:\/\/eglisedebrie.fr\/?page_id=87#breadcrumb\"},\"inLanguage\":\"fr-FR\",\"potentialAction\":[{\"@type\":\"ReadAction\",\"target\":[\"https:\/\/eglisedebrie.fr\/?page_id=87\"]}]},{\"@type\":\"BreadcrumbList\",\"@id\":\"https:\/\/eglisedebrie.fr\/?page_id=87#breadcrumb\",\"itemListElement\":[{\"@type\":\"ListItem\",\"position\":1,\"name\":\"Accueil\",\"item\":\"https:\/\/eglisedebrie.fr\/\"},{\"@type\":\"ListItem\",\"position\":2,\"name\":\"Restauration XXe\"}]},{\"@type\":\"WebSite\",\"@id\":\"https:\/\/eglisedebrie.fr\/#website\",\"url\":\"https:\/\/eglisedebrie.fr\/\",\"name\":\"Eglise Saint-Etienne de Brie-Comte-Robert\",\"description\":\"\u00a9 Les Amis du Vieux Ch\u00e2teau\",\"potentialAction\":[{\"@type\":\"SearchAction\",\"target\":{\"@type\":\"EntryPoint\",\"urlTemplate\":\"https:\/\/eglisedebrie.fr\/?s={search_term_string}\"},\"query-input\":\"required name=search_term_string\"}],\"inLanguage\":\"fr-FR\"}]}<\/script>\n<!-- \/ Yoast SEO plugin. -->","yoast_head_json":{"title":"Restauration XXe - Eglise Saint-Etienne de Brie-Comte-Robert","robots":{"index":"index","follow":"follow","max-snippet":"max-snippet:-1","max-image-preview":"max-image-preview:large","max-video-preview":"max-video-preview:-1"},"canonical":"https:\/\/eglisedebrie.fr\/?page_id=87","og_locale":"fr_FR","og_type":"article","og_title":"Restauration XXe - Eglise Saint-Etienne de Brie-Comte-Robert","og_description":"Au cours des si\u00e8cles, et en particulier apr\u00e8s son classement au titre des Monuments historiques en 1840, l\u2019\u00e9glise a connu de nombreuses r\u00e9parations et consolidations. Depuis la loi de la s\u00e9paration des \u00c9glises et de l\u2019\u00c9tat en 1905, la commune est propri\u00e9taire de l\u2019\u00e9glise. Elle est le ma\u00eetre d\u2019ouvrage des chantiers c\u2019est-\u00e0-dire qu\u2019elle passe commande [&hellip;]","og_url":"https:\/\/eglisedebrie.fr\/?page_id=87","og_site_name":"Eglise Saint-Etienne de Brie-Comte-Robert","article_modified_time":"2023-10-27T18:28:00+00:00","og_image":[{"width":945,"height":708,"url":"https:\/\/eglisedebrie.fr\/wp-content\/uploads\/2021\/01\/echaffaudage.png","type":"image\/png"}],"twitter_card":"summary_large_image","twitter_misc":{"Dur\u00e9e de lecture estim\u00e9e":"2 minutes"},"schema":{"@context":"https:\/\/schema.org","@graph":[{"@type":"WebPage","@id":"https:\/\/eglisedebrie.fr\/?page_id=87","url":"https:\/\/eglisedebrie.fr\/?page_id=87","name":"Restauration XXe - Eglise Saint-Etienne de Brie-Comte-Robert","isPartOf":{"@id":"https:\/\/eglisedebrie.fr\/#website"},"datePublished":"2021-01-07T16:48:08+00:00","dateModified":"2023-10-27T18:28:00+00:00","breadcrumb":{"@id":"https:\/\/eglisedebrie.fr\/?page_id=87#breadcrumb"},"inLanguage":"fr-FR","potentialAction":[{"@type":"ReadAction","target":["https:\/\/eglisedebrie.fr\/?page_id=87"]}]},{"@type":"BreadcrumbList","@id":"https:\/\/eglisedebrie.fr\/?page_id=87#breadcrumb","itemListElement":[{"@type":"ListItem","position":1,"name":"Accueil","item":"https:\/\/eglisedebrie.fr\/"},{"@type":"ListItem","position":2,"name":"Restauration XXe"}]},{"@type":"WebSite","@id":"https:\/\/eglisedebrie.fr\/#website","url":"https:\/\/eglisedebrie.fr\/","name":"Eglise Saint-Etienne de Brie-Comte-Robert","description":"\u00a9 Les Amis du Vieux Ch\u00e2teau","potentialAction":[{"@type":"SearchAction","target":{"@type":"EntryPoint","urlTemplate":"https:\/\/eglisedebrie.fr\/?s={search_term_string}"},"query-input":"required name=search_term_string"}],"inLanguage":"fr-FR"}]}},"_links":{"self":[{"href":"https:\/\/eglisedebrie.fr\/index.php?rest_route=\/wp\/v2\/pages\/87","targetHints":{"allow":["GET"]}}],"collection":[{"href":"https:\/\/eglisedebrie.fr\/index.php?rest_route=\/wp\/v2\/pages"}],"about":[{"href":"https:\/\/eglisedebrie.fr\/index.php?rest_route=\/wp\/v2\/types\/page"}],"author":[{"embeddable":true,"href":"https:\/\/eglisedebrie.fr\/index.php?rest_route=\/wp\/v2\/users\/1"}],"replies":[{"embeddable":true,"href":"https:\/\/eglisedebrie.fr\/index.php?rest_route=%2Fwp%2Fv2%2Fcomments&post=87"}],"version-history":[{"count":1,"href":"https:\/\/eglisedebrie.fr\/index.php?rest_route=\/wp\/v2\/pages\/87\/revisions"}],"predecessor-version":[{"id":4164,"href":"https:\/\/eglisedebrie.fr\/index.php?rest_route=\/wp\/v2\/pages\/87\/revisions\/4164"}],"wp:featuredmedia":[{"embeddable":true,"href":"https:\/\/eglisedebrie.fr\/index.php?rest_route=\/wp\/v2\/media\/649"}],"wp:attachment":[{"href":"https:\/\/eglisedebrie.fr\/index.php?rest_route=%2Fwp%2Fv2%2Fmedia&parent=87"}],"curies":[{"name":"wp","href":"https:\/\/api.w.org\/{rel}","templated":true}]}}