{"id":304,"date":"2021-01-10T16:48:07","date_gmt":"2021-01-10T15:48:07","guid":{"rendered":"http:\/\/testeglise.ovh\/?page_id=304"},"modified":"2023-10-28T18:18:28","modified_gmt":"2023-10-28T16:18:28","slug":"ste-anne","status":"publish","type":"page","link":"https:\/\/eglisedebrie.fr\/?page_id=304","title":{"rendered":"Chapelle Sainte-Anne"},"content":{"rendered":"\n<p>La vo\u00fbte, sur crois\u00e9es d\u2019ogives, est \u00e0 liernes et tiercerons, avec clefs pendantes. Elle a fait l&rsquo;objet d&rsquo;une restauration compl\u00e8te. <\/p>\n\n\n\n<figure class=\"wp-block-image size-large\"><img loading=\"lazy\" decoding=\"async\" width=\"1024\" height=\"768\" src=\"https:\/\/www.testeglise.ovh\/wp-content\/uploads\/2021\/02\/2018-09-07_3_BCS_chapT1-1024x768.jpg\" alt=\"\" class=\"wp-image-1430\" srcset=\"https:\/\/eglisedebrie.fr\/wp-content\/uploads\/2021\/02\/2018-09-07_3_BCS_chapT1-1024x768.jpg 1024w, https:\/\/eglisedebrie.fr\/wp-content\/uploads\/2021\/02\/2018-09-07_3_BCS_chapT1-300x225.jpg 300w, https:\/\/eglisedebrie.fr\/wp-content\/uploads\/2021\/02\/2018-09-07_3_BCS_chapT1-768x576.jpg 768w, https:\/\/eglisedebrie.fr\/wp-content\/uploads\/2021\/02\/2018-09-07_3_BCS_chapT1-1536x1152.jpg 1536w, https:\/\/eglisedebrie.fr\/wp-content\/uploads\/2021\/02\/2018-09-07_3_BCS_chapT1.jpg 1800w\" sizes=\"auto, (max-width: 1024px) 100vw, 1024px\" \/><\/figure>\n\n\n\n<p class=\"has-text-align-left\">L\u2019\u00e9tude arch\u00e9ologique des vestiges d\u2019architecture apporte au projet de restauration des \u00e9l\u00e9ments essentiels : ici, la fixation des clefs pendantes, dont il ne restait que le syst\u00e8me d\u2019attache scell\u00e9 dans la ma\u00e7onnerie de la vo\u00fbte, a \u00e9t\u00e9 \u00e9tudi\u00e9. <\/p>\n\n\n\n<figure class=\"wp-block-image size-full\"><img loading=\"lazy\" decoding=\"async\" width=\"945\" height=\"709\" src=\"https:\/\/eglisedebrie.fr\/wp-content\/uploads\/2023\/10\/Clefs-pendantes.png\" alt=\"\" class=\"wp-image-4202\" srcset=\"https:\/\/eglisedebrie.fr\/wp-content\/uploads\/2023\/10\/Clefs-pendantes.png 945w, https:\/\/eglisedebrie.fr\/wp-content\/uploads\/2023\/10\/Clefs-pendantes-300x225.png 300w, https:\/\/eglisedebrie.fr\/wp-content\/uploads\/2023\/10\/Clefs-pendantes-768x576.png 768w, https:\/\/eglisedebrie.fr\/wp-content\/uploads\/2023\/10\/Clefs-pendantes-900x675.png 900w\" sizes=\"auto, (max-width: 945px) 100vw, 945px\" \/><\/figure>\n\n\n\n<p>Les clefs sont munies d\u2019une ba\u00efonnette qui s\u2019enfile et pivote dans l\u2019orifice pr\u00e9vu pour leur r\u00e9ception : un blocage se produit alors. Un petit orifice en partie sup\u00e9rieure permet de couler un mortier liquide pour combler les vides et rendre solidaire l\u2019ensemble.<\/p>\n\n\n\n<p>Les nouvelles clefs pendantes sont cr\u00e9\u00e9es de toute pi\u00e8ce, \u00e0 partir de la mod\u00e9nature de la clef centrale. Une prise d\u2019empreintes de ses \u00e9l\u00e9ments de d\u00e9cors a permis la cr\u00e9ation des quatre clefs secondaires.<\/p>\n\n\n\n<h2 class=\"wp-block-heading\">Tableau<\/h2>\n\n\n<div class=\"wp-block-image\">\n<figure class=\"alignright size-large\"><img loading=\"lazy\" decoding=\"async\" width=\"941\" height=\"1024\" src=\"https:\/\/www.testeglise.ovh\/wp-content\/uploads\/2021\/02\/P1320357b-941x1024.jpg\" alt=\"\" class=\"wp-image-1681\" srcset=\"https:\/\/eglisedebrie.fr\/wp-content\/uploads\/2021\/02\/P1320357b-941x1024.jpg 941w, https:\/\/eglisedebrie.fr\/wp-content\/uploads\/2021\/02\/P1320357b-276x300.jpg 276w, https:\/\/eglisedebrie.fr\/wp-content\/uploads\/2021\/02\/P1320357b-768x836.jpg 768w, https:\/\/eglisedebrie.fr\/wp-content\/uploads\/2021\/02\/P1320357b-1412x1536.jpg 1412w, https:\/\/eglisedebrie.fr\/wp-content\/uploads\/2021\/02\/P1320357b-1882x2048.jpg 1882w\" sizes=\"auto, (max-width: 941px) 100vw, 941px\" \/><\/figure>\n<\/div>\n\n\n<p class=\"has-text-align-left\"><strong>\u00ab\u00a0Pr\u00e9sentation de la Vierge au Temple\u00a0\u00bb, XVIIe si\u00e8cle, peintre inconnu <\/strong><\/p>\n\n\n\n<p class=\"has-text-align-left\">C&rsquo;est un th\u00e8me classique tir\u00e9 des textes apocryphes (Prot\u00e9vangile de Jacques) : la Vierge est pr\u00e9sent\u00e9e par ses parents Anne et Joachim au Temple devant le grand Pr\u00eatre qui la consacre \u00e0 Dieu. Cette pr\u00e9sentation se f\u00eate le 21 novembre.<\/p>\n\n\n\n<div style=\"height:20px\" aria-hidden=\"true\" class=\"wp-block-spacer\"><\/div>\n\n\n<div class=\"wp-block-image\">\n<figure class=\"alignleft size-full is-resized\"><img loading=\"lazy\" decoding=\"async\" width=\"637\" height=\"1024\" src=\"https:\/\/eglisedebrie.fr\/wp-content\/uploads\/2023\/10\/20190201_23-637x1024-1.jpg\" alt=\"\" class=\"wp-image-3652\" style=\"width:276px;height:442px\" srcset=\"https:\/\/eglisedebrie.fr\/wp-content\/uploads\/2023\/10\/20190201_23-637x1024-1.jpg 637w, https:\/\/eglisedebrie.fr\/wp-content\/uploads\/2023\/10\/20190201_23-637x1024-1-187x300.jpg 187w\" sizes=\"auto, (max-width: 637px) 100vw, 637px\" \/><\/figure>\n<\/div>\n\n\n<p>Une petite niche coquill\u00e9e est pr\u00e9sente dans le mur de fa\u00e7ade Sud. Elle contient une console qui devait soutenir une sculpture aujourd&rsquo;hui disparue.<\/p>\n\n\n\n<p>C&rsquo;est dans cette chapelle que vous pouvez aujourd&rsquo;hui trouver des panneaux d\u00e9crivant la longue histoire des restaurations de l&rsquo;\u00e9glise Saint-\u00c9tienne. <\/p>\n\n\n\n<div style=\"height:20px\" aria-hidden=\"true\" class=\"wp-block-spacer\"><\/div>\n\n\n\n<p>Des pupitres contenant des illustrations avant\/apr\u00e8s des travaux ont \u00e9t\u00e9 r\u00e9alis\u00e9s par les Amis du Vieux Ch\u00e2teau et sont \u00e0 disposition.  <\/p>\n","protected":false},"excerpt":{"rendered":"<p>La vo\u00fbte, sur crois\u00e9es d\u2019ogives, est \u00e0 liernes et tiercerons, avec clefs pendantes. Elle a fait l&rsquo;objet d&rsquo;une restauration compl\u00e8te. L\u2019\u00e9tude arch\u00e9ologique des vestiges d\u2019architecture apporte au projet de restauration des \u00e9l\u00e9ments essentiels : ici, la fixation des clefs pendantes, dont il ne restait que le syst\u00e8me d\u2019attache scell\u00e9 dans la ma\u00e7onnerie de la vo\u00fbte, [&hellip;]<\/p>\n","protected":false},"author":1,"featured_media":1212,"parent":0,"menu_order":0,"comment_status":"closed","ping_status":"closed","template":"","meta":{"footnotes":""},"class_list":["post-304","page","type-page","status-publish","has-post-thumbnail","hentry"],"yoast_head":"<!-- This site is optimized with the Yoast SEO plugin v21.5 - https:\/\/yoast.com\/wordpress\/plugins\/seo\/ -->\n<title>Chapelle Sainte-Anne - Eglise Saint-Etienne de Brie-Comte-Robert<\/title>\n<meta name=\"robots\" content=\"index, follow, max-snippet:-1, max-image-preview:large, max-video-preview:-1\" \/>\n<link rel=\"canonical\" href=\"https:\/\/eglisedebrie.fr\/?page_id=304\" \/>\n<meta property=\"og:locale\" content=\"fr_FR\" \/>\n<meta property=\"og:type\" content=\"article\" \/>\n<meta property=\"og:title\" content=\"Chapelle Sainte-Anne - Eglise Saint-Etienne de Brie-Comte-Robert\" \/>\n<meta property=\"og:description\" content=\"La vo\u00fbte, sur crois\u00e9es d\u2019ogives, est \u00e0 liernes et tiercerons, avec clefs pendantes. Elle a fait l&rsquo;objet d&rsquo;une restauration compl\u00e8te. L\u2019\u00e9tude arch\u00e9ologique des vestiges d\u2019architecture apporte au projet de restauration des \u00e9l\u00e9ments essentiels : ici, la fixation des clefs pendantes, dont il ne restait que le syst\u00e8me d\u2019attache scell\u00e9 dans la ma\u00e7onnerie de la vo\u00fbte, [&hellip;]\" \/>\n<meta property=\"og:url\" content=\"https:\/\/eglisedebrie.fr\/?page_id=304\" \/>\n<meta property=\"og:site_name\" content=\"Eglise Saint-Etienne de Brie-Comte-Robert\" \/>\n<meta property=\"article:modified_time\" content=\"2023-10-28T16:18:28+00:00\" \/>\n<meta property=\"og:image\" content=\"https:\/\/eglisedebrie.fr\/wp-content\/uploads\/2021\/01\/BCS_chapT1.jpg\" \/>\n\t<meta property=\"og:image:width\" content=\"1800\" \/>\n\t<meta property=\"og:image:height\" content=\"1350\" \/>\n\t<meta property=\"og:image:type\" content=\"image\/jpeg\" \/>\n<meta name=\"twitter:card\" content=\"summary_large_image\" \/>\n<meta name=\"twitter:label1\" content=\"Dur\u00e9e de lecture estim\u00e9e\" \/>\n\t<meta name=\"twitter:data1\" content=\"1 minute\" \/>\n<script type=\"application\/ld+json\" class=\"yoast-schema-graph\">{\"@context\":\"https:\/\/schema.org\",\"@graph\":[{\"@type\":\"WebPage\",\"@id\":\"https:\/\/eglisedebrie.fr\/?page_id=304\",\"url\":\"https:\/\/eglisedebrie.fr\/?page_id=304\",\"name\":\"Chapelle Sainte-Anne - Eglise Saint-Etienne de Brie-Comte-Robert\",\"isPartOf\":{\"@id\":\"https:\/\/eglisedebrie.fr\/#website\"},\"datePublished\":\"2021-01-10T15:48:07+00:00\",\"dateModified\":\"2023-10-28T16:18:28+00:00\",\"breadcrumb\":{\"@id\":\"https:\/\/eglisedebrie.fr\/?page_id=304#breadcrumb\"},\"inLanguage\":\"fr-FR\",\"potentialAction\":[{\"@type\":\"ReadAction\",\"target\":[\"https:\/\/eglisedebrie.fr\/?page_id=304\"]}]},{\"@type\":\"BreadcrumbList\",\"@id\":\"https:\/\/eglisedebrie.fr\/?page_id=304#breadcrumb\",\"itemListElement\":[{\"@type\":\"ListItem\",\"position\":1,\"name\":\"Accueil\",\"item\":\"https:\/\/eglisedebrie.fr\/\"},{\"@type\":\"ListItem\",\"position\":2,\"name\":\"Chapelle Sainte-Anne\"}]},{\"@type\":\"WebSite\",\"@id\":\"https:\/\/eglisedebrie.fr\/#website\",\"url\":\"https:\/\/eglisedebrie.fr\/\",\"name\":\"Eglise Saint-Etienne de Brie-Comte-Robert\",\"description\":\"\u00a9 Les Amis du Vieux Ch\u00e2teau\",\"potentialAction\":[{\"@type\":\"SearchAction\",\"target\":{\"@type\":\"EntryPoint\",\"urlTemplate\":\"https:\/\/eglisedebrie.fr\/?s={search_term_string}\"},\"query-input\":\"required name=search_term_string\"}],\"inLanguage\":\"fr-FR\"}]}<\/script>\n<!-- \/ Yoast SEO plugin. -->","yoast_head_json":{"title":"Chapelle Sainte-Anne - Eglise Saint-Etienne de Brie-Comte-Robert","robots":{"index":"index","follow":"follow","max-snippet":"max-snippet:-1","max-image-preview":"max-image-preview:large","max-video-preview":"max-video-preview:-1"},"canonical":"https:\/\/eglisedebrie.fr\/?page_id=304","og_locale":"fr_FR","og_type":"article","og_title":"Chapelle Sainte-Anne - Eglise Saint-Etienne de Brie-Comte-Robert","og_description":"La vo\u00fbte, sur crois\u00e9es d\u2019ogives, est \u00e0 liernes et tiercerons, avec clefs pendantes. Elle a fait l&rsquo;objet d&rsquo;une restauration compl\u00e8te. L\u2019\u00e9tude arch\u00e9ologique des vestiges d\u2019architecture apporte au projet de restauration des \u00e9l\u00e9ments essentiels : ici, la fixation des clefs pendantes, dont il ne restait que le syst\u00e8me d\u2019attache scell\u00e9 dans la ma\u00e7onnerie de la vo\u00fbte, [&hellip;]","og_url":"https:\/\/eglisedebrie.fr\/?page_id=304","og_site_name":"Eglise Saint-Etienne de Brie-Comte-Robert","article_modified_time":"2023-10-28T16:18:28+00:00","og_image":[{"width":1800,"height":1350,"url":"https:\/\/eglisedebrie.fr\/wp-content\/uploads\/2021\/01\/BCS_chapT1.jpg","type":"image\/jpeg"}],"twitter_card":"summary_large_image","twitter_misc":{"Dur\u00e9e de lecture estim\u00e9e":"1 minute"},"schema":{"@context":"https:\/\/schema.org","@graph":[{"@type":"WebPage","@id":"https:\/\/eglisedebrie.fr\/?page_id=304","url":"https:\/\/eglisedebrie.fr\/?page_id=304","name":"Chapelle Sainte-Anne - Eglise Saint-Etienne de Brie-Comte-Robert","isPartOf":{"@id":"https:\/\/eglisedebrie.fr\/#website"},"datePublished":"2021-01-10T15:48:07+00:00","dateModified":"2023-10-28T16:18:28+00:00","breadcrumb":{"@id":"https:\/\/eglisedebrie.fr\/?page_id=304#breadcrumb"},"inLanguage":"fr-FR","potentialAction":[{"@type":"ReadAction","target":["https:\/\/eglisedebrie.fr\/?page_id=304"]}]},{"@type":"BreadcrumbList","@id":"https:\/\/eglisedebrie.fr\/?page_id=304#breadcrumb","itemListElement":[{"@type":"ListItem","position":1,"name":"Accueil","item":"https:\/\/eglisedebrie.fr\/"},{"@type":"ListItem","position":2,"name":"Chapelle Sainte-Anne"}]},{"@type":"WebSite","@id":"https:\/\/eglisedebrie.fr\/#website","url":"https:\/\/eglisedebrie.fr\/","name":"Eglise Saint-Etienne de Brie-Comte-Robert","description":"\u00a9 Les Amis du Vieux Ch\u00e2teau","potentialAction":[{"@type":"SearchAction","target":{"@type":"EntryPoint","urlTemplate":"https:\/\/eglisedebrie.fr\/?s={search_term_string}"},"query-input":"required name=search_term_string"}],"inLanguage":"fr-FR"}]}},"_links":{"self":[{"href":"https:\/\/eglisedebrie.fr\/index.php?rest_route=\/wp\/v2\/pages\/304","targetHints":{"allow":["GET"]}}],"collection":[{"href":"https:\/\/eglisedebrie.fr\/index.php?rest_route=\/wp\/v2\/pages"}],"about":[{"href":"https:\/\/eglisedebrie.fr\/index.php?rest_route=\/wp\/v2\/types\/page"}],"author":[{"embeddable":true,"href":"https:\/\/eglisedebrie.fr\/index.php?rest_route=\/wp\/v2\/users\/1"}],"replies":[{"embeddable":true,"href":"https:\/\/eglisedebrie.fr\/index.php?rest_route=%2Fwp%2Fv2%2Fcomments&post=304"}],"version-history":[{"count":2,"href":"https:\/\/eglisedebrie.fr\/index.php?rest_route=\/wp\/v2\/pages\/304\/revisions"}],"predecessor-version":[{"id":4203,"href":"https:\/\/eglisedebrie.fr\/index.php?rest_route=\/wp\/v2\/pages\/304\/revisions\/4203"}],"wp:featuredmedia":[{"embeddable":true,"href":"https:\/\/eglisedebrie.fr\/index.php?rest_route=\/wp\/v2\/media\/1212"}],"wp:attachment":[{"href":"https:\/\/eglisedebrie.fr\/index.php?rest_route=%2Fwp%2Fv2%2Fmedia&parent=304"}],"curies":[{"name":"wp","href":"https:\/\/api.w.org\/{rel}","templated":true}]}}