{"id":302,"date":"2021-01-10T16:48:07","date_gmt":"2021-01-10T15:48:07","guid":{"rendered":"http:\/\/testeglise.ovh\/?page_id=302"},"modified":"2023-10-28T18:11:20","modified_gmt":"2023-10-28T16:11:20","slug":"st-jean-baptiste","status":"publish","type":"page","link":"https:\/\/eglisedebrie.fr\/?page_id=302","title":{"rendered":"Chapelle Saint-Jean-Baptiste"},"content":{"rendered":"\n<p id=\"ancreBaptiste\">La 6<sup>e<\/sup> trav\u00e9e&nbsp;communique avec la chapelle Saint-Jean fond\u00e9e par Jean Cordier en 1338 et modifi\u00e9e au XVe si\u00e8cle, comme le montrent sa vo\u00fbte et le remplage de sa baie. La vo\u00fbte \u00e0 crois\u00e9e d&rsquo;ogives est agr\u00e9ment\u00e9e d&rsquo;une <a href=\"http:\/\/eglisedebrie.fr\/?page_id=91\/#ancreC\">clef pendante<\/a>.<\/p>\n\n\n\n<figure class=\"wp-block-image size-large\"><img loading=\"lazy\" decoding=\"async\" width=\"1024\" height=\"768\" src=\"https:\/\/eglisedebrie.fr\/wp-content\/uploads\/2023\/10\/171019_12_BCS_chapT6-1024x768.jpg\" alt=\"\" class=\"wp-image-3977\" srcset=\"https:\/\/eglisedebrie.fr\/wp-content\/uploads\/2023\/10\/171019_12_BCS_chapT6-1024x768.jpg 1024w, https:\/\/eglisedebrie.fr\/wp-content\/uploads\/2023\/10\/171019_12_BCS_chapT6-300x225.jpg 300w, https:\/\/eglisedebrie.fr\/wp-content\/uploads\/2023\/10\/171019_12_BCS_chapT6-768x576.jpg 768w, https:\/\/eglisedebrie.fr\/wp-content\/uploads\/2023\/10\/171019_12_BCS_chapT6-1536x1152.jpg 1536w, https:\/\/eglisedebrie.fr\/wp-content\/uploads\/2023\/10\/171019_12_BCS_chapT6-900x675.jpg 900w, https:\/\/eglisedebrie.fr\/wp-content\/uploads\/2023\/10\/171019_12_BCS_chapT6-1280x960.jpg 1280w, https:\/\/eglisedebrie.fr\/wp-content\/uploads\/2023\/10\/171019_12_BCS_chapT6.jpg 1800w\" sizes=\"auto, (max-width: 1024px) 100vw, 1024px\" \/><\/figure>\n\n\n<div class=\"wp-block-image\">\n<figure class=\"alignleft size-large is-resized\"><img loading=\"lazy\" decoding=\"async\" width=\"1024\" height=\"920\" src=\"http:\/\/eglisedebrie.fr\/wp-content\/uploads\/2021\/02\/P1000137mod-e1616434593267-1024x920.jpg\" alt=\"\" class=\"wp-image-2253\" style=\"aspect-ratio:1.1130434782608696;width:270px;height:auto\" srcset=\"https:\/\/eglisedebrie.fr\/wp-content\/uploads\/2021\/02\/P1000137mod-e1616434593267-1024x920.jpg 1024w, https:\/\/eglisedebrie.fr\/wp-content\/uploads\/2021\/02\/P1000137mod-e1616434593267-300x270.jpg 300w, https:\/\/eglisedebrie.fr\/wp-content\/uploads\/2021\/02\/P1000137mod-e1616434593267-768x690.jpg 768w, https:\/\/eglisedebrie.fr\/wp-content\/uploads\/2021\/02\/P1000137mod-e1616434593267.jpg 1280w\" sizes=\"auto, (max-width: 1024px) 100vw, 1024px\" \/><\/figure>\n<\/div>\n\n\n<figure class=\"wp-block-image size-full is-resized\"><img loading=\"lazy\" decoding=\"async\" width=\"1024\" height=\"969\" src=\"https:\/\/eglisedebrie.fr\/wp-content\/uploads\/2023\/10\/2019-01-27_BCS_chapT6mod-1024x969-2.jpg\" alt=\"\" class=\"wp-image-3644\" style=\"aspect-ratio:1.0567595459236325;width:269px;height:auto\" srcset=\"https:\/\/eglisedebrie.fr\/wp-content\/uploads\/2023\/10\/2019-01-27_BCS_chapT6mod-1024x969-2.jpg 1024w, https:\/\/eglisedebrie.fr\/wp-content\/uploads\/2023\/10\/2019-01-27_BCS_chapT6mod-1024x969-2-300x284.jpg 300w, https:\/\/eglisedebrie.fr\/wp-content\/uploads\/2023\/10\/2019-01-27_BCS_chapT6mod-1024x969-2-768x727.jpg 768w, https:\/\/eglisedebrie.fr\/wp-content\/uploads\/2023\/10\/2019-01-27_BCS_chapT6mod-1024x969-2-900x852.jpg 900w\" sizes=\"auto, (max-width: 1024px) 100vw, 1024px\" \/><\/figure>\n\n\n\n<p>Les culots sont sculpt\u00e9s d\u2019angelots portant blasons et banderoles.<\/p>\n\n\n\n<h2 class=\"wp-block-heading\">Vitrail<\/h2>\n\n\n<div class=\"wp-block-image\">\n<figure class=\"alignright size-full\"><img loading=\"lazy\" decoding=\"async\" width=\"300\" height=\"185\" src=\"https:\/\/eglisedebrie.fr\/wp-content\/uploads\/2023\/10\/SJB_decol.jpg\" alt=\"\" class=\"wp-image-3912\"\/><figcaption class=\"wp-element-caption\">La d\u00e9collation de saint Jean-Baptiste<\/figcaption><\/figure>\n<\/div>\n\n\n<p>La chapelle est \u00e9clair\u00e9e par un remarquable vitrail de la fin du XVIe si\u00e8cle, compos\u00e9 de trois sc\u00e8nes : la <strong>pr\u00e9dication de saint Jean-Baptiste<\/strong> dans les deux lancettes de droite, <strong>le bapt\u00eame du Christ<\/strong> dans celles de gauche et en haut, \u00e0 l&rsquo;int\u00e9rieur des deux lobes, <strong>la d\u00e9collation de saint Jean-Baptiste<\/strong>. \u00c0 droite, Salom\u00e9 tient un plat vide pour recevoir la t\u00eate du saint et ensuite l&rsquo;offrir \u00e0 sa m\u00e8re H\u00e9rodiade. \u00c0 gauche, saint Jean-Baptiste agenouill\u00e9, les yeux band\u00e9s, reconnaissable \u00e0 sa peau de b\u00eate, s&rsquo;appr\u00eate \u00e0 recevoir le coup fatal.<\/p>\n\n\n\n<h2 class=\"wp-block-heading\">Tableau<\/h2>\n\n\n<div class=\"wp-block-image is-resized\">\n<figure class=\"alignleft size-full\"><img loading=\"lazy\" decoding=\"async\" width=\"729\" height=\"1024\" src=\"https:\/\/eglisedebrie.fr\/wp-content\/uploads\/2023\/10\/20181015_140513b-729x1024-1.jpg\" alt=\"\" class=\"wp-image-3647\" srcset=\"https:\/\/eglisedebrie.fr\/wp-content\/uploads\/2023\/10\/20181015_140513b-729x1024-1.jpg 729w, https:\/\/eglisedebrie.fr\/wp-content\/uploads\/2023\/10\/20181015_140513b-729x1024-1-214x300.jpg 214w\" sizes=\"auto, (max-width: 729px) 100vw, 729px\" \/><\/figure>\n<\/div>\n\n\n<p>Dans cette chapelle, un grand tableau repr\u00e9sente saint Jean-Baptiste assis sur sa peau de chameau, dans un paysage verdoyant. \u00c0 ses pieds, ses attributs : un agneau et une hampe. Il tient dans sa main, une \u00e9cope, coquille servant au bapt\u00eame. <\/p>\n\n\n\n<p>Deux autres toiles repr\u00e9sentant des anges ornent le mur oppos\u00e9.<\/p>\n","protected":false},"excerpt":{"rendered":"<p>La 6e trav\u00e9e&nbsp;communique avec la chapelle Saint-Jean fond\u00e9e par Jean Cordier en 1338 et modifi\u00e9e au XVe si\u00e8cle, comme le montrent sa vo\u00fbte et le remplage de sa baie. La vo\u00fbte \u00e0 crois\u00e9e d&rsquo;ogives est agr\u00e9ment\u00e9e d&rsquo;une clef pendante. Les culots sont sculpt\u00e9s d\u2019angelots portant blasons et banderoles. Vitrail La chapelle est \u00e9clair\u00e9e par un [&hellip;]<\/p>\n","protected":false},"author":1,"featured_media":941,"parent":0,"menu_order":0,"comment_status":"closed","ping_status":"closed","template":"","meta":{"footnotes":""},"class_list":["post-302","page","type-page","status-publish","has-post-thumbnail","hentry"],"yoast_head":"<!-- This site is optimized with the Yoast SEO plugin v21.5 - https:\/\/yoast.com\/wordpress\/plugins\/seo\/ -->\n<title>Chapelle Saint-Jean-Baptiste - Eglise Saint-Etienne de Brie-Comte-Robert<\/title>\n<meta name=\"robots\" content=\"index, follow, max-snippet:-1, max-image-preview:large, max-video-preview:-1\" \/>\n<link rel=\"canonical\" href=\"https:\/\/eglisedebrie.fr\/?page_id=302\" \/>\n<meta property=\"og:locale\" content=\"fr_FR\" \/>\n<meta property=\"og:type\" content=\"article\" \/>\n<meta property=\"og:title\" content=\"Chapelle Saint-Jean-Baptiste - Eglise Saint-Etienne de Brie-Comte-Robert\" \/>\n<meta property=\"og:description\" content=\"La 6e trav\u00e9e&nbsp;communique avec la chapelle Saint-Jean fond\u00e9e par Jean Cordier en 1338 et modifi\u00e9e au XVe si\u00e8cle, comme le montrent sa vo\u00fbte et le remplage de sa baie. La vo\u00fbte \u00e0 crois\u00e9e d&rsquo;ogives est agr\u00e9ment\u00e9e d&rsquo;une clef pendante. Les culots sont sculpt\u00e9s d\u2019angelots portant blasons et banderoles. Vitrail La chapelle est \u00e9clair\u00e9e par un [&hellip;]\" \/>\n<meta property=\"og:url\" content=\"https:\/\/eglisedebrie.fr\/?page_id=302\" \/>\n<meta property=\"og:site_name\" content=\"Eglise Saint-Etienne de Brie-Comte-Robert\" \/>\n<meta property=\"article:modified_time\" content=\"2023-10-28T16:11:20+00:00\" \/>\n<meta property=\"og:image\" content=\"https:\/\/eglisedebrie.fr\/wp-content\/uploads\/2021\/01\/2005_BCS_chapT6_06-1.jpg\" \/>\n\t<meta property=\"og:image:width\" content=\"2260\" \/>\n\t<meta property=\"og:image:height\" content=\"1662\" \/>\n\t<meta property=\"og:image:type\" content=\"image\/jpeg\" \/>\n<meta name=\"twitter:card\" content=\"summary_large_image\" \/>\n<meta name=\"twitter:label1\" content=\"Dur\u00e9e de lecture estim\u00e9e\" \/>\n\t<meta name=\"twitter:data1\" content=\"1 minute\" \/>\n<script type=\"application\/ld+json\" class=\"yoast-schema-graph\">{\"@context\":\"https:\/\/schema.org\",\"@graph\":[{\"@type\":\"WebPage\",\"@id\":\"https:\/\/eglisedebrie.fr\/?page_id=302\",\"url\":\"https:\/\/eglisedebrie.fr\/?page_id=302\",\"name\":\"Chapelle Saint-Jean-Baptiste - Eglise Saint-Etienne de Brie-Comte-Robert\",\"isPartOf\":{\"@id\":\"https:\/\/eglisedebrie.fr\/#website\"},\"datePublished\":\"2021-01-10T15:48:07+00:00\",\"dateModified\":\"2023-10-28T16:11:20+00:00\",\"breadcrumb\":{\"@id\":\"https:\/\/eglisedebrie.fr\/?page_id=302#breadcrumb\"},\"inLanguage\":\"fr-FR\",\"potentialAction\":[{\"@type\":\"ReadAction\",\"target\":[\"https:\/\/eglisedebrie.fr\/?page_id=302\"]}]},{\"@type\":\"BreadcrumbList\",\"@id\":\"https:\/\/eglisedebrie.fr\/?page_id=302#breadcrumb\",\"itemListElement\":[{\"@type\":\"ListItem\",\"position\":1,\"name\":\"Accueil\",\"item\":\"https:\/\/eglisedebrie.fr\/\"},{\"@type\":\"ListItem\",\"position\":2,\"name\":\"Chapelle Saint-Jean-Baptiste\"}]},{\"@type\":\"WebSite\",\"@id\":\"https:\/\/eglisedebrie.fr\/#website\",\"url\":\"https:\/\/eglisedebrie.fr\/\",\"name\":\"Eglise Saint-Etienne de Brie-Comte-Robert\",\"description\":\"\u00a9 Les Amis du Vieux Ch\u00e2teau\",\"potentialAction\":[{\"@type\":\"SearchAction\",\"target\":{\"@type\":\"EntryPoint\",\"urlTemplate\":\"https:\/\/eglisedebrie.fr\/?s={search_term_string}\"},\"query-input\":\"required name=search_term_string\"}],\"inLanguage\":\"fr-FR\"}]}<\/script>\n<!-- \/ Yoast SEO plugin. -->","yoast_head_json":{"title":"Chapelle Saint-Jean-Baptiste - Eglise Saint-Etienne de Brie-Comte-Robert","robots":{"index":"index","follow":"follow","max-snippet":"max-snippet:-1","max-image-preview":"max-image-preview:large","max-video-preview":"max-video-preview:-1"},"canonical":"https:\/\/eglisedebrie.fr\/?page_id=302","og_locale":"fr_FR","og_type":"article","og_title":"Chapelle Saint-Jean-Baptiste - Eglise Saint-Etienne de Brie-Comte-Robert","og_description":"La 6e trav\u00e9e&nbsp;communique avec la chapelle Saint-Jean fond\u00e9e par Jean Cordier en 1338 et modifi\u00e9e au XVe si\u00e8cle, comme le montrent sa vo\u00fbte et le remplage de sa baie. La vo\u00fbte \u00e0 crois\u00e9e d&rsquo;ogives est agr\u00e9ment\u00e9e d&rsquo;une clef pendante. Les culots sont sculpt\u00e9s d\u2019angelots portant blasons et banderoles. Vitrail La chapelle est \u00e9clair\u00e9e par un [&hellip;]","og_url":"https:\/\/eglisedebrie.fr\/?page_id=302","og_site_name":"Eglise Saint-Etienne de Brie-Comte-Robert","article_modified_time":"2023-10-28T16:11:20+00:00","og_image":[{"width":2260,"height":1662,"url":"https:\/\/eglisedebrie.fr\/wp-content\/uploads\/2021\/01\/2005_BCS_chapT6_06-1.jpg","type":"image\/jpeg"}],"twitter_card":"summary_large_image","twitter_misc":{"Dur\u00e9e de lecture estim\u00e9e":"1 minute"},"schema":{"@context":"https:\/\/schema.org","@graph":[{"@type":"WebPage","@id":"https:\/\/eglisedebrie.fr\/?page_id=302","url":"https:\/\/eglisedebrie.fr\/?page_id=302","name":"Chapelle Saint-Jean-Baptiste - Eglise Saint-Etienne de Brie-Comte-Robert","isPartOf":{"@id":"https:\/\/eglisedebrie.fr\/#website"},"datePublished":"2021-01-10T15:48:07+00:00","dateModified":"2023-10-28T16:11:20+00:00","breadcrumb":{"@id":"https:\/\/eglisedebrie.fr\/?page_id=302#breadcrumb"},"inLanguage":"fr-FR","potentialAction":[{"@type":"ReadAction","target":["https:\/\/eglisedebrie.fr\/?page_id=302"]}]},{"@type":"BreadcrumbList","@id":"https:\/\/eglisedebrie.fr\/?page_id=302#breadcrumb","itemListElement":[{"@type":"ListItem","position":1,"name":"Accueil","item":"https:\/\/eglisedebrie.fr\/"},{"@type":"ListItem","position":2,"name":"Chapelle Saint-Jean-Baptiste"}]},{"@type":"WebSite","@id":"https:\/\/eglisedebrie.fr\/#website","url":"https:\/\/eglisedebrie.fr\/","name":"Eglise Saint-Etienne de Brie-Comte-Robert","description":"\u00a9 Les Amis du Vieux Ch\u00e2teau","potentialAction":[{"@type":"SearchAction","target":{"@type":"EntryPoint","urlTemplate":"https:\/\/eglisedebrie.fr\/?s={search_term_string}"},"query-input":"required name=search_term_string"}],"inLanguage":"fr-FR"}]}},"_links":{"self":[{"href":"https:\/\/eglisedebrie.fr\/index.php?rest_route=\/wp\/v2\/pages\/302","targetHints":{"allow":["GET"]}}],"collection":[{"href":"https:\/\/eglisedebrie.fr\/index.php?rest_route=\/wp\/v2\/pages"}],"about":[{"href":"https:\/\/eglisedebrie.fr\/index.php?rest_route=\/wp\/v2\/types\/page"}],"author":[{"embeddable":true,"href":"https:\/\/eglisedebrie.fr\/index.php?rest_route=\/wp\/v2\/users\/1"}],"replies":[{"embeddable":true,"href":"https:\/\/eglisedebrie.fr\/index.php?rest_route=%2Fwp%2Fv2%2Fcomments&post=302"}],"version-history":[{"count":17,"href":"https:\/\/eglisedebrie.fr\/index.php?rest_route=\/wp\/v2\/pages\/302\/revisions"}],"predecessor-version":[{"id":4196,"href":"https:\/\/eglisedebrie.fr\/index.php?rest_route=\/wp\/v2\/pages\/302\/revisions\/4196"}],"wp:featuredmedia":[{"embeddable":true,"href":"https:\/\/eglisedebrie.fr\/index.php?rest_route=\/wp\/v2\/media\/941"}],"wp:attachment":[{"href":"https:\/\/eglisedebrie.fr\/index.php?rest_route=%2Fwp%2Fv2%2Fmedia&parent=302"}],"curies":[{"name":"wp","href":"https:\/\/api.w.org\/{rel}","templated":true}]}}