{"id":277,"date":"2021-01-10T16:44:59","date_gmt":"2021-01-10T15:44:59","guid":{"rendered":"http:\/\/testeglise.ovh\/?page_id=277"},"modified":"2023-10-28T18:07:28","modified_gmt":"2023-10-28T16:07:28","slug":"st-nicolas","status":"publish","type":"page","link":"https:\/\/eglisedebrie.fr\/?page_id=277","title":{"rendered":"Chapelle Saint-Nicolas"},"content":{"rendered":"\n<p id=\"ancreNicolas\">La deuxi\u00e8me trav\u00e9e du bas cot\u00e9 nord ouvre sur la chapelle Saint-Nicolas de style Renaissance, couverte d\u2019une vo\u00fbte sur crois\u00e9e d\u2019ogives simple \u00e0 clef circulaire orn\u00e9e d&rsquo;un \u00e9cusson. Les nervures carr\u00e9es pr\u00e9sentent deux quart de rond engrav\u00e9s.<\/p>\n\n\n\n<figure class=\"wp-block-image size-large\"><img loading=\"lazy\" decoding=\"async\" width=\"1024\" height=\"768\" src=\"http:\/\/eglisedebrie.fr\/wp-content\/uploads\/2023\/10\/P1000107-1024x768.jpg\" alt=\"\" class=\"wp-image-4092\" srcset=\"https:\/\/eglisedebrie.fr\/wp-content\/uploads\/2023\/10\/P1000107-1024x768.jpg 1024w, https:\/\/eglisedebrie.fr\/wp-content\/uploads\/2023\/10\/P1000107-300x225.jpg 300w, https:\/\/eglisedebrie.fr\/wp-content\/uploads\/2023\/10\/P1000107-768x576.jpg 768w, https:\/\/eglisedebrie.fr\/wp-content\/uploads\/2023\/10\/P1000107-1536x1152.jpg 1536w, https:\/\/eglisedebrie.fr\/wp-content\/uploads\/2023\/10\/P1000107-2048x1536.jpg 2048w, https:\/\/eglisedebrie.fr\/wp-content\/uploads\/2023\/10\/P1000107-900x675.jpg 900w, https:\/\/eglisedebrie.fr\/wp-content\/uploads\/2023\/10\/P1000107-1280x960.jpg 1280w\" sizes=\"auto, (max-width: 1024px) 100vw, 1024px\" \/><\/figure>\n\n\n\n<p>La baie de style Renaissance (XVIe si\u00e8cle) \u00e0 trois verri\u00e8res ne comprend pas de vitraux d\u00e9cor\u00e9s. Le remplage comporte deux oculi ovo\u00efdes verticaux.<\/p>\n\n\n\n<p>Son autel est surmont\u00e9 d\u2019un tableau repr\u00e9sentant l&rsquo;Annonciation, restaur\u00e9 pr\u00e9alablement pour figurer dans l&rsquo;exposition \u00ab\u00a0Art sacr\u00e9\u00a0\u00bb en 1988 au palais du Luxembourg. <\/p>\n\n\n\n<p>Au XIXe si\u00e8cle, cette chapelle \u00e9tait, pour des raisons que l\u2019on ignore, mur\u00e9e. Elle ne fut rouverte que sous le Second Empire.<\/p>\n\n\n\n<h3 class=\"wp-block-heading\">Tableau<\/h3>\n\n\n<div class=\"wp-block-image\">\n<figure class=\"alignleft size-full\"><img loading=\"lazy\" decoding=\"async\" width=\"298\" height=\"431\" src=\"http:\/\/eglisedebrie.fr\/wp-content\/uploads\/2021\/02\/tab_annon-mod.jpg\" alt=\"\" class=\"wp-image-1654\" srcset=\"https:\/\/eglisedebrie.fr\/wp-content\/uploads\/2021\/02\/tab_annon-mod.jpg 298w, https:\/\/eglisedebrie.fr\/wp-content\/uploads\/2021\/02\/tab_annon-mod-207x300.jpg 207w\" sizes=\"auto, (max-width: 298px) 100vw, 298px\" \/><\/figure>\n<\/div>\n\n\n<p>La peinture sur toile (2,38 m sur 1,40 m) est pr\u00e9sent\u00e9e dans un cadre dor\u00e9 de style Louis XIV.  Le soubassement du prie-Dieu de la Vierge porte la signature \u00ab&nbsp;Le Dart 1683&nbsp;\u00bb.<\/p>\n\n\n\n<p>Le peintre Pierre Le Dart est actif \u00e0 Paris dans la deuxi\u00e8me moiti\u00e9 du XVIIe si\u00e8cle. Il \u00e9tait membre de l\u2019Acad\u00e9mie de Saint-Luc et fut re\u00e7u \u00e0 l\u2019Acad\u00e9mie Royale de Peinture et de Sculpture. <\/p>\n\n\n\n<p>Le texte de l\u2019\u00e9vangile de Luc (I, 28-38) se trouve ici illustr\u00e9 dans toute l\u2019\u00e9tendue du dialogue entre l\u2019ange Gabriel \u00e0 la tunique blanche et \u00e0 la carnation lumineuse face \u00e0 Marie au manteau color\u00e9, le rouge \u00e9voquant la charit\u00e9.<\/p>\n\n\n\n<p>Le messager de Dieu d\u00e9signe le ciel de la main droite et tient des fleurs de lis, symbole de la virginit\u00e9, dans la main gauche.<\/p>\n\n\n\n<figure class=\"wp-block-gallery has-nested-images columns-default is-cropped wp-block-gallery-1 is-layout-flex wp-block-gallery-is-layout-flex\">\n<figure class=\"wp-block-image size-large\"><img loading=\"lazy\" decoding=\"async\" width=\"324\" height=\"473\" data-id=\"1657\" src=\"https:\/\/eglisedebrie.fr\/wp-content\/uploads\/2021\/02\/LeDart-05.jpg\" alt=\"\" class=\"wp-image-1657\" srcset=\"https:\/\/eglisedebrie.fr\/wp-content\/uploads\/2021\/02\/LeDart-05.jpg 324w, https:\/\/eglisedebrie.fr\/wp-content\/uploads\/2021\/02\/LeDart-05-205x300.jpg 205w\" sizes=\"auto, (max-width: 324px) 100vw, 324px\" \/><\/figure>\n\n\n\n<figure class=\"wp-block-image size-large\"><img loading=\"lazy\" decoding=\"async\" width=\"582\" height=\"390\" data-id=\"1656\" src=\"https:\/\/eglisedebrie.fr\/wp-content\/uploads\/2021\/02\/LeDart-02.jpg\" alt=\"\" class=\"wp-image-1656\" srcset=\"https:\/\/eglisedebrie.fr\/wp-content\/uploads\/2021\/02\/LeDart-02.jpg 582w, https:\/\/eglisedebrie.fr\/wp-content\/uploads\/2021\/02\/LeDart-02-300x201.jpg 300w\" sizes=\"auto, (max-width: 582px) 100vw, 582px\" \/><\/figure>\n\n\n\n<figure class=\"wp-block-image size-large\"><img loading=\"lazy\" decoding=\"async\" width=\"299\" height=\"487\" data-id=\"1658\" src=\"https:\/\/eglisedebrie.fr\/wp-content\/uploads\/2021\/02\/LeDart-06.jpg\" alt=\"\" class=\"wp-image-1658\" srcset=\"https:\/\/eglisedebrie.fr\/wp-content\/uploads\/2021\/02\/LeDart-06.jpg 299w, https:\/\/eglisedebrie.fr\/wp-content\/uploads\/2021\/02\/LeDart-06-184x300.jpg 184w\" sizes=\"auto, (max-width: 299px) 100vw, 299px\" \/><\/figure>\n<figcaption class=\"blocks-gallery-caption wp-element-caption\">D\u00e9tails du tableau<\/figcaption><\/figure>\n\n\n\n<p>Les personnages sont surmont\u00e9s d\u2019une ronde d\u2019angelots figur\u00e9s dans les nu\u00e9es et laissant \u00e9chapper une cascade de fleurs. Au sommet de la composition, on aper\u00e7oit la colombe de l&rsquo;Esprit saint dont les rayons lumineux partent en direction de la Vierge. <\/p>\n","protected":false},"excerpt":{"rendered":"<p>La deuxi\u00e8me trav\u00e9e du bas cot\u00e9 nord ouvre sur la chapelle Saint-Nicolas de style Renaissance, couverte d\u2019une vo\u00fbte sur crois\u00e9e d\u2019ogives simple \u00e0 clef circulaire orn\u00e9e d&rsquo;un \u00e9cusson. Les nervures carr\u00e9es pr\u00e9sentent deux quart de rond engrav\u00e9s. La baie de style Renaissance (XVIe si\u00e8cle) \u00e0 trois verri\u00e8res ne comprend pas de vitraux d\u00e9cor\u00e9s. Le remplage [&hellip;]<\/p>\n","protected":false},"author":1,"featured_media":4097,"parent":0,"menu_order":0,"comment_status":"closed","ping_status":"closed","template":"","meta":{"footnotes":""},"class_list":["post-277","page","type-page","status-publish","has-post-thumbnail","hentry"],"yoast_head":"<!-- This site is optimized with the Yoast SEO plugin v21.5 - https:\/\/yoast.com\/wordpress\/plugins\/seo\/ -->\n<title>Chapelle Saint-Nicolas - Eglise Saint-Etienne de Brie-Comte-Robert<\/title>\n<meta name=\"robots\" content=\"index, follow, max-snippet:-1, max-image-preview:large, max-video-preview:-1\" \/>\n<link rel=\"canonical\" href=\"https:\/\/eglisedebrie.fr\/?page_id=277\" \/>\n<meta property=\"og:locale\" content=\"fr_FR\" \/>\n<meta property=\"og:type\" content=\"article\" \/>\n<meta property=\"og:title\" content=\"Chapelle Saint-Nicolas - Eglise Saint-Etienne de Brie-Comte-Robert\" \/>\n<meta property=\"og:description\" content=\"La deuxi\u00e8me trav\u00e9e du bas cot\u00e9 nord ouvre sur la chapelle Saint-Nicolas de style Renaissance, couverte d\u2019une vo\u00fbte sur crois\u00e9e d\u2019ogives simple \u00e0 clef circulaire orn\u00e9e d&rsquo;un \u00e9cusson. Les nervures carr\u00e9es pr\u00e9sentent deux quart de rond engrav\u00e9s. La baie de style Renaissance (XVIe si\u00e8cle) \u00e0 trois verri\u00e8res ne comprend pas de vitraux d\u00e9cor\u00e9s. Le remplage [&hellip;]\" \/>\n<meta property=\"og:url\" content=\"https:\/\/eglisedebrie.fr\/?page_id=277\" \/>\n<meta property=\"og:site_name\" content=\"Eglise Saint-Etienne de Brie-Comte-Robert\" \/>\n<meta property=\"article:modified_time\" content=\"2023-10-28T16:07:28+00:00\" \/>\n<meta property=\"og:image\" content=\"https:\/\/eglisedebrie.fr\/wp-content\/uploads\/2023\/10\/2018-06-28_1_BCN_chapT2.jpg\" \/>\n\t<meta property=\"og:image:width\" content=\"1800\" \/>\n\t<meta property=\"og:image:height\" content=\"1350\" \/>\n\t<meta property=\"og:image:type\" content=\"image\/jpeg\" \/>\n<meta name=\"twitter:card\" content=\"summary_large_image\" \/>\n<meta name=\"twitter:label1\" content=\"Dur\u00e9e de lecture estim\u00e9e\" \/>\n\t<meta name=\"twitter:data1\" content=\"2 minutes\" \/>\n<script type=\"application\/ld+json\" class=\"yoast-schema-graph\">{\"@context\":\"https:\/\/schema.org\",\"@graph\":[{\"@type\":\"WebPage\",\"@id\":\"https:\/\/eglisedebrie.fr\/?page_id=277\",\"url\":\"https:\/\/eglisedebrie.fr\/?page_id=277\",\"name\":\"Chapelle Saint-Nicolas - Eglise Saint-Etienne de Brie-Comte-Robert\",\"isPartOf\":{\"@id\":\"https:\/\/eglisedebrie.fr\/#website\"},\"datePublished\":\"2021-01-10T15:44:59+00:00\",\"dateModified\":\"2023-10-28T16:07:28+00:00\",\"breadcrumb\":{\"@id\":\"https:\/\/eglisedebrie.fr\/?page_id=277#breadcrumb\"},\"inLanguage\":\"fr-FR\",\"potentialAction\":[{\"@type\":\"ReadAction\",\"target\":[\"https:\/\/eglisedebrie.fr\/?page_id=277\"]}]},{\"@type\":\"BreadcrumbList\",\"@id\":\"https:\/\/eglisedebrie.fr\/?page_id=277#breadcrumb\",\"itemListElement\":[{\"@type\":\"ListItem\",\"position\":1,\"name\":\"Accueil\",\"item\":\"https:\/\/eglisedebrie.fr\/\"},{\"@type\":\"ListItem\",\"position\":2,\"name\":\"Chapelle Saint-Nicolas\"}]},{\"@type\":\"WebSite\",\"@id\":\"https:\/\/eglisedebrie.fr\/#website\",\"url\":\"https:\/\/eglisedebrie.fr\/\",\"name\":\"Eglise Saint-Etienne de Brie-Comte-Robert\",\"description\":\"\u00a9 Les Amis du Vieux Ch\u00e2teau\",\"potentialAction\":[{\"@type\":\"SearchAction\",\"target\":{\"@type\":\"EntryPoint\",\"urlTemplate\":\"https:\/\/eglisedebrie.fr\/?s={search_term_string}\"},\"query-input\":\"required name=search_term_string\"}],\"inLanguage\":\"fr-FR\"}]}<\/script>\n<!-- \/ Yoast SEO plugin. -->","yoast_head_json":{"title":"Chapelle Saint-Nicolas - Eglise Saint-Etienne de Brie-Comte-Robert","robots":{"index":"index","follow":"follow","max-snippet":"max-snippet:-1","max-image-preview":"max-image-preview:large","max-video-preview":"max-video-preview:-1"},"canonical":"https:\/\/eglisedebrie.fr\/?page_id=277","og_locale":"fr_FR","og_type":"article","og_title":"Chapelle Saint-Nicolas - Eglise Saint-Etienne de Brie-Comte-Robert","og_description":"La deuxi\u00e8me trav\u00e9e du bas cot\u00e9 nord ouvre sur la chapelle Saint-Nicolas de style Renaissance, couverte d\u2019une vo\u00fbte sur crois\u00e9e d\u2019ogives simple \u00e0 clef circulaire orn\u00e9e d&rsquo;un \u00e9cusson. Les nervures carr\u00e9es pr\u00e9sentent deux quart de rond engrav\u00e9s. La baie de style Renaissance (XVIe si\u00e8cle) \u00e0 trois verri\u00e8res ne comprend pas de vitraux d\u00e9cor\u00e9s. Le remplage [&hellip;]","og_url":"https:\/\/eglisedebrie.fr\/?page_id=277","og_site_name":"Eglise Saint-Etienne de Brie-Comte-Robert","article_modified_time":"2023-10-28T16:07:28+00:00","og_image":[{"width":1800,"height":1350,"url":"https:\/\/eglisedebrie.fr\/wp-content\/uploads\/2023\/10\/2018-06-28_1_BCN_chapT2.jpg","type":"image\/jpeg"}],"twitter_card":"summary_large_image","twitter_misc":{"Dur\u00e9e de lecture estim\u00e9e":"2 minutes"},"schema":{"@context":"https:\/\/schema.org","@graph":[{"@type":"WebPage","@id":"https:\/\/eglisedebrie.fr\/?page_id=277","url":"https:\/\/eglisedebrie.fr\/?page_id=277","name":"Chapelle Saint-Nicolas - Eglise Saint-Etienne de Brie-Comte-Robert","isPartOf":{"@id":"https:\/\/eglisedebrie.fr\/#website"},"datePublished":"2021-01-10T15:44:59+00:00","dateModified":"2023-10-28T16:07:28+00:00","breadcrumb":{"@id":"https:\/\/eglisedebrie.fr\/?page_id=277#breadcrumb"},"inLanguage":"fr-FR","potentialAction":[{"@type":"ReadAction","target":["https:\/\/eglisedebrie.fr\/?page_id=277"]}]},{"@type":"BreadcrumbList","@id":"https:\/\/eglisedebrie.fr\/?page_id=277#breadcrumb","itemListElement":[{"@type":"ListItem","position":1,"name":"Accueil","item":"https:\/\/eglisedebrie.fr\/"},{"@type":"ListItem","position":2,"name":"Chapelle Saint-Nicolas"}]},{"@type":"WebSite","@id":"https:\/\/eglisedebrie.fr\/#website","url":"https:\/\/eglisedebrie.fr\/","name":"Eglise Saint-Etienne de Brie-Comte-Robert","description":"\u00a9 Les Amis du Vieux Ch\u00e2teau","potentialAction":[{"@type":"SearchAction","target":{"@type":"EntryPoint","urlTemplate":"https:\/\/eglisedebrie.fr\/?s={search_term_string}"},"query-input":"required name=search_term_string"}],"inLanguage":"fr-FR"}]}},"_links":{"self":[{"href":"https:\/\/eglisedebrie.fr\/index.php?rest_route=\/wp\/v2\/pages\/277","targetHints":{"allow":["GET"]}}],"collection":[{"href":"https:\/\/eglisedebrie.fr\/index.php?rest_route=\/wp\/v2\/pages"}],"about":[{"href":"https:\/\/eglisedebrie.fr\/index.php?rest_route=\/wp\/v2\/types\/page"}],"author":[{"embeddable":true,"href":"https:\/\/eglisedebrie.fr\/index.php?rest_route=\/wp\/v2\/users\/1"}],"replies":[{"embeddable":true,"href":"https:\/\/eglisedebrie.fr\/index.php?rest_route=%2Fwp%2Fv2%2Fcomments&post=277"}],"version-history":[{"count":3,"href":"https:\/\/eglisedebrie.fr\/index.php?rest_route=\/wp\/v2\/pages\/277\/revisions"}],"predecessor-version":[{"id":4191,"href":"https:\/\/eglisedebrie.fr\/index.php?rest_route=\/wp\/v2\/pages\/277\/revisions\/4191"}],"wp:featuredmedia":[{"embeddable":true,"href":"https:\/\/eglisedebrie.fr\/index.php?rest_route=\/wp\/v2\/media\/4097"}],"wp:attachment":[{"href":"https:\/\/eglisedebrie.fr\/index.php?rest_route=%2Fwp%2Fv2%2Fmedia&parent=277"}],"curies":[{"name":"wp","href":"https:\/\/api.w.org\/{rel}","templated":true}]}}