{"id":2589,"date":"2021-03-22T13:39:38","date_gmt":"2021-03-22T12:39:38","guid":{"rendered":"http:\/\/testeglise.ovh\/?page_id=2589"},"modified":"2023-10-26T21:55:06","modified_gmt":"2023-10-26T19:55:06","slug":"opus-francigenum","status":"publish","type":"page","link":"https:\/\/eglisedebrie.fr\/?page_id=2589","title":{"rendered":"L&rsquo;art francilien"},"content":{"rendered":"\n<p>C&rsquo;est ainsi que l&rsquo;on pourrait nommer l&rsquo;architecture gothique. Car le terme gothique utilis\u00e9 \u00e0 partir de la renaissance \u00e9tait alors p\u00e9joratif.<\/p>\n\n\n\n<h3 class=\"wp-block-heading\">G\u00e9n\u00e9ralit\u00e9s<\/h3>\n\n\n\n<p>Les <a href=\"https:\/\/eglisedebrie.fr\/?p=91\/#ancreC\">arcs-<\/a><a href=\"https:\/\/eglisedebrie.fr\/?p=91\/#ancreA\">boutants<\/a><a href=\"https:\/\/eglisedebrie.fr\/glossaire\/#ancreC\">,<\/a> enjambant les bas-c\u00f4t\u00e9s et s\u2019appuyant \u00e0 distance de la nef sur des <a href=\"https:\/\/eglisedebrie.fr\/?p=91\/#ancreC\">cul\u00e9es<\/a>, permettent l&rsquo;\u00e9quilibre statique de la structure.<\/p>\n\n\n\n<p>Dans l\u2019architecture gothique, la nef est construite sur trois niveaux, ce qui n\u00e9cessite l\u2019\u00e9tablissement d\u2019une contre but\u00e9e lat\u00e9rale pour compenser la pression qu\u2019exercent les vo\u00fbtes sur les murs lat\u00e9raux ou gouttereaux.<\/p>\n\n\n\n<p>M\u00eame si l&rsquo;on rencontre des voutes d&rsquo;ar\u00eates dans le dernier art roman elles ne comportent pas de <a href=\"https:\/\/eglisedebrie.fr\/?p=91\/#ancreC\">crois\u00e9es d&rsquo;ogive<\/a>.<\/p>\n\n\n\n<p>Cette innovation permet de canaliser les pouss\u00e9es de la voute sur les angles.<\/p>\n\n\n\n<p>Mais les pouss\u00e9es sont obliques.<\/p>\n\n\n\n<p>Elles sont reprises verticalement par les piliers et horizontalement par les arcs-boutants. Chaque pilier re\u00e7oit la pouss\u00e9e de deux crois\u00e9es ce qui permet l&rsquo;\u00e9quilibre en trav\u00e9e courante. Pour les extr\u00eames, il sera fait appel \u00e0 des contreforts.<\/p>\n\n\n\n<blockquote class=\"wp-block-quote is-layout-flow wp-block-quote-is-layout-flow\">\n<p>L\u2019essor de l\u2019architecture gothique concorde avec l\u2019usage raisonn\u00e9, habituel, de la crois\u00e9e d\u2019ogive et de l\u2019arc boutant. De Lombardie, d\u2019Angleterre, de Normandie, d\u2019Ile de France, o\u00f9 la vo\u00fbte sur crois\u00e9e d\u2019ogives appara\u00eet d\u00e8s la fin du XIe si\u00e8cle et dans les premi\u00e8res ann\u00e9es du XIIe si\u00e8cle&nbsp;; elle se r\u00e9pand rapidement dans tout le monde chr\u00e9tien. L\u00e0 o\u00f9 l\u2019on n\u2019avait pas os\u00e9 couvrir de vo\u00fbtes les larges vaisseaux des \u00e9glises, en Normandie par exemple, la crois\u00e9e d\u2019ogives apporte la solution&nbsp;; autre part , dans l\u2019Est, on la monte sous les clochers pour renforcer la construction&nbsp;; en Bourgogne, en Rh\u00e9nanie, o\u00f9 depuis longtemps on savait construire des vo\u00fbtes d\u2019ar\u00eates, on l\u2019emploie dans la nef, o\u00f9 la vo\u00fbte est lanc\u00e9e plus haut et la surface \u00e0 couvrir est plus grande, quitte \u00e0 conserver la vo\u00fbte d\u2019ar\u00eates sur les collat\u00e9raux. Rapidement, la vo\u00fbte sur crois\u00e9e d\u2019ogives est universellement adopt\u00e9e et les autres types de vo\u00fbtes sont abandonn\u00e9s.<\/p>\n<cite>Marcel Aubert. (1884-1962) bulletin monumental.<\/cite><\/blockquote>\n\n\n\n<h3 class=\"wp-block-heading\">Niveaux.<\/h3>\n\n\n\n<p>Dans la nef de l\u2019\u00e9glise gothique les murs lat\u00e9raux sont constitu\u00e9s de trois ou quatre niveaux. <br>De bas en haut : les grandes arcades, \u00e9ventuellement une tribune, le <a href=\"http:\/\/eglisedebrie.fr\/?p=91\/#ancreT\">triforium<\/a> et les baies sup\u00e9rieures.<\/p>\n\n\n\n<p><br>L\u2019\u00e9glise Saint Etienne de Brie Comte Robert poss\u00e8de trois niveaux. <\/p>\n\n\n\n<figure class=\"wp-block-image size-large\"><img loading=\"lazy\" decoding=\"async\" width=\"1024\" height=\"525\" src=\"http:\/\/testeglise.ovh\/wp-content\/uploads\/2021\/03\/coupe-eglise-01-1024x525.png\" alt=\"\" class=\"wp-image-2627\" srcset=\"https:\/\/eglisedebrie.fr\/wp-content\/uploads\/2021\/03\/coupe-eglise-01-1024x525.png 1024w, https:\/\/eglisedebrie.fr\/wp-content\/uploads\/2021\/03\/coupe-eglise-01-300x154.png 300w, https:\/\/eglisedebrie.fr\/wp-content\/uploads\/2021\/03\/coupe-eglise-01-768x394.png 768w, https:\/\/eglisedebrie.fr\/wp-content\/uploads\/2021\/03\/coupe-eglise-01.png 1137w\" sizes=\"auto, (max-width: 1024px) 100vw, 1024px\" \/><\/figure>\n\n\n\n<p>Les grandes arcades s\u00e9parent la nef des bas-c\u00f4t\u00e9s.<br>Le <a href=\"http:\/\/eglisedebrie.fr\/?p=91\/#ancreT\">triforium<\/a> ouvre une coursi\u00e8re \u00e9troite sur la nef. Il n\u2019est pas \u00e9clair\u00e9 sur l\u2019ext\u00e9rieur.<br>Les baies sup\u00e9rieures larges et hautes permettent de faire entrer une lumi\u00e8re g\u00e9n\u00e9reuse et color\u00e9e dans la nef.<\/p>\n\n\n\n<h3 class=\"wp-block-heading\" id=\"ancrearcboutant\">Arc boutant.<\/h3>\n\n\n<div class=\"wp-block-image\">\n<figure class=\"alignleft size-large\"><img decoding=\"async\" src=\"https:\/\/www.testeglise.ovh\/wp-content\/uploads\/2023\/08\/arcboutant.gif\" alt=\"\" class=\"wp-image-3772\"\/><\/figure>\n<\/div>\n\n\n<p>Dans l\u2019architecture gothique, l\u2019arc boutant est associ\u00e9 \u00e0 la <a href=\"https:\/\/eglisedebrie.fr\/?p=91\/#ancreC\">crois\u00e9e d\u2019ogives <\/a>des voutes de la nef.<\/p>\n\n\n\n<p><br>Les <a href=\"https:\/\/eglisedebrie.fr\/?p=91\/#ancreA\">arcs-boutants,<\/a> enjambant les bas-c\u00f4t\u00e9s et s\u2019appuyant \u00e0 distance de la nef sur des cul\u00e9es, permettent l&rsquo;\u00e9quilibre statique.<\/p>\n\n\n\n<div style=\"height:20px\" aria-hidden=\"true\" class=\"wp-block-spacer\"><\/div>\n\n\n\n<h3 class=\"wp-block-heading\">Contrefort.<\/h3>\n\n\n\n<p>L\u2019architecture romane fait appel au contrefort <em>(un \u00e9paississement ponctuel du mur<\/em>)  pour contrer la pouss\u00e9e des voutes. Nous en trouvons n\u00e9anmoins aux fa\u00e7ades Est et Ouest, pour contrer la pouss\u00e9e longitudinale, ainsi qu&rsquo;aux angles du clocher.<br><\/p>\n\n\n\n<h3 class=\"wp-block-heading\" id=\"ancreculee\">Cul\u00e9e.<\/h3>\n\n\n\n<p>Afin de gagner en l\u00e9g\u00e8ret\u00e9, dans l\u2019art gothique, le contrefort est remplac\u00e9 par une <a href=\"https:\/\/eglisedebrie.fr\/?p=91\/#ancreC\">cul\u00e9e <\/a>et un arc boutant qui jouent le m\u00eame r\u00f4le (<em>bouter signifie pousser<\/em>).<br>La cul\u00e9e est surmont\u00e9e d\u2019un <a href=\"http:\/\/eglisedebrie.fr\/?p=91\/#ancreP\">pinacle <\/a>qui la termine tout en apportant son poids afin d\u2019\u00e9quilibrer la pouss\u00e9e provenant de la voute.<\/p>\n","protected":false},"excerpt":{"rendered":"<p>C&rsquo;est ainsi que l&rsquo;on pourrait nommer l&rsquo;architecture gothique. Car le terme gothique utilis\u00e9 \u00e0 partir de la renaissance \u00e9tait alors p\u00e9joratif. G\u00e9n\u00e9ralit\u00e9s Les arcs-boutants, enjambant les bas-c\u00f4t\u00e9s et s\u2019appuyant \u00e0 distance de la nef sur des cul\u00e9es, permettent l&rsquo;\u00e9quilibre statique de la structure. Dans l\u2019architecture gothique, la nef est construite sur trois niveaux, ce qui [&hellip;]<\/p>\n","protected":false},"author":1,"featured_media":2597,"parent":0,"menu_order":0,"comment_status":"closed","ping_status":"closed","template":"","meta":{"footnotes":""},"class_list":["post-2589","page","type-page","status-publish","has-post-thumbnail","hentry"],"yoast_head":"<!-- This site is optimized with the Yoast SEO plugin v21.5 - https:\/\/yoast.com\/wordpress\/plugins\/seo\/ -->\n<title>L&#039;art francilien - Eglise Saint-Etienne de Brie-Comte-Robert<\/title>\n<meta name=\"robots\" content=\"index, follow, max-snippet:-1, max-image-preview:large, max-video-preview:-1\" \/>\n<link rel=\"canonical\" href=\"https:\/\/eglisedebrie.fr\/?page_id=2589\" \/>\n<meta property=\"og:locale\" content=\"fr_FR\" \/>\n<meta property=\"og:type\" content=\"article\" \/>\n<meta property=\"og:title\" content=\"L&#039;art francilien - Eglise Saint-Etienne de Brie-Comte-Robert\" \/>\n<meta property=\"og:description\" content=\"C&rsquo;est ainsi que l&rsquo;on pourrait nommer l&rsquo;architecture gothique. Car le terme gothique utilis\u00e9 \u00e0 partir de la renaissance \u00e9tait alors p\u00e9joratif. G\u00e9n\u00e9ralit\u00e9s Les arcs-boutants, enjambant les bas-c\u00f4t\u00e9s et s\u2019appuyant \u00e0 distance de la nef sur des cul\u00e9es, permettent l&rsquo;\u00e9quilibre statique de la structure. Dans l\u2019architecture gothique, la nef est construite sur trois niveaux, ce qui [&hellip;]\" \/>\n<meta property=\"og:url\" content=\"https:\/\/eglisedebrie.fr\/?page_id=2589\" \/>\n<meta property=\"og:site_name\" content=\"Eglise Saint-Etienne de Brie-Comte-Robert\" \/>\n<meta property=\"article:modified_time\" content=\"2023-10-26T19:55:06+00:00\" \/>\n<meta property=\"og:image\" content=\"https:\/\/eglisedebrie.fr\/wp-content\/uploads\/2021\/03\/Arcs-boutants.png\" \/>\n\t<meta property=\"og:image:width\" content=\"945\" \/>\n\t<meta property=\"og:image:height\" content=\"709\" \/>\n\t<meta property=\"og:image:type\" content=\"image\/png\" \/>\n<meta name=\"twitter:card\" content=\"summary_large_image\" \/>\n<meta name=\"twitter:label1\" content=\"Dur\u00e9e de lecture estim\u00e9e\" \/>\n\t<meta name=\"twitter:data1\" content=\"3 minutes\" \/>\n<script type=\"application\/ld+json\" class=\"yoast-schema-graph\">{\"@context\":\"https:\/\/schema.org\",\"@graph\":[{\"@type\":\"WebPage\",\"@id\":\"https:\/\/eglisedebrie.fr\/?page_id=2589\",\"url\":\"https:\/\/eglisedebrie.fr\/?page_id=2589\",\"name\":\"L'art francilien - Eglise Saint-Etienne de Brie-Comte-Robert\",\"isPartOf\":{\"@id\":\"https:\/\/eglisedebrie.fr\/#website\"},\"datePublished\":\"2021-03-22T12:39:38+00:00\",\"dateModified\":\"2023-10-26T19:55:06+00:00\",\"breadcrumb\":{\"@id\":\"https:\/\/eglisedebrie.fr\/?page_id=2589#breadcrumb\"},\"inLanguage\":\"fr-FR\",\"potentialAction\":[{\"@type\":\"ReadAction\",\"target\":[\"https:\/\/eglisedebrie.fr\/?page_id=2589\"]}]},{\"@type\":\"BreadcrumbList\",\"@id\":\"https:\/\/eglisedebrie.fr\/?page_id=2589#breadcrumb\",\"itemListElement\":[{\"@type\":\"ListItem\",\"position\":1,\"name\":\"Accueil\",\"item\":\"https:\/\/eglisedebrie.fr\/\"},{\"@type\":\"ListItem\",\"position\":2,\"name\":\"L&rsquo;art francilien\"}]},{\"@type\":\"WebSite\",\"@id\":\"https:\/\/eglisedebrie.fr\/#website\",\"url\":\"https:\/\/eglisedebrie.fr\/\",\"name\":\"Eglise Saint-Etienne de Brie-Comte-Robert\",\"description\":\"\u00a9 Les Amis du Vieux Ch\u00e2teau\",\"potentialAction\":[{\"@type\":\"SearchAction\",\"target\":{\"@type\":\"EntryPoint\",\"urlTemplate\":\"https:\/\/eglisedebrie.fr\/?s={search_term_string}\"},\"query-input\":\"required name=search_term_string\"}],\"inLanguage\":\"fr-FR\"}]}<\/script>\n<!-- \/ Yoast SEO plugin. -->","yoast_head_json":{"title":"L'art francilien - Eglise Saint-Etienne de Brie-Comte-Robert","robots":{"index":"index","follow":"follow","max-snippet":"max-snippet:-1","max-image-preview":"max-image-preview:large","max-video-preview":"max-video-preview:-1"},"canonical":"https:\/\/eglisedebrie.fr\/?page_id=2589","og_locale":"fr_FR","og_type":"article","og_title":"L'art francilien - Eglise Saint-Etienne de Brie-Comte-Robert","og_description":"C&rsquo;est ainsi que l&rsquo;on pourrait nommer l&rsquo;architecture gothique. Car le terme gothique utilis\u00e9 \u00e0 partir de la renaissance \u00e9tait alors p\u00e9joratif. G\u00e9n\u00e9ralit\u00e9s Les arcs-boutants, enjambant les bas-c\u00f4t\u00e9s et s\u2019appuyant \u00e0 distance de la nef sur des cul\u00e9es, permettent l&rsquo;\u00e9quilibre statique de la structure. Dans l\u2019architecture gothique, la nef est construite sur trois niveaux, ce qui [&hellip;]","og_url":"https:\/\/eglisedebrie.fr\/?page_id=2589","og_site_name":"Eglise Saint-Etienne de Brie-Comte-Robert","article_modified_time":"2023-10-26T19:55:06+00:00","og_image":[{"width":945,"height":709,"url":"https:\/\/eglisedebrie.fr\/wp-content\/uploads\/2021\/03\/Arcs-boutants.png","type":"image\/png"}],"twitter_card":"summary_large_image","twitter_misc":{"Dur\u00e9e de lecture estim\u00e9e":"3 minutes"},"schema":{"@context":"https:\/\/schema.org","@graph":[{"@type":"WebPage","@id":"https:\/\/eglisedebrie.fr\/?page_id=2589","url":"https:\/\/eglisedebrie.fr\/?page_id=2589","name":"L'art francilien - Eglise Saint-Etienne de Brie-Comte-Robert","isPartOf":{"@id":"https:\/\/eglisedebrie.fr\/#website"},"datePublished":"2021-03-22T12:39:38+00:00","dateModified":"2023-10-26T19:55:06+00:00","breadcrumb":{"@id":"https:\/\/eglisedebrie.fr\/?page_id=2589#breadcrumb"},"inLanguage":"fr-FR","potentialAction":[{"@type":"ReadAction","target":["https:\/\/eglisedebrie.fr\/?page_id=2589"]}]},{"@type":"BreadcrumbList","@id":"https:\/\/eglisedebrie.fr\/?page_id=2589#breadcrumb","itemListElement":[{"@type":"ListItem","position":1,"name":"Accueil","item":"https:\/\/eglisedebrie.fr\/"},{"@type":"ListItem","position":2,"name":"L&rsquo;art francilien"}]},{"@type":"WebSite","@id":"https:\/\/eglisedebrie.fr\/#website","url":"https:\/\/eglisedebrie.fr\/","name":"Eglise Saint-Etienne de Brie-Comte-Robert","description":"\u00a9 Les Amis du Vieux Ch\u00e2teau","potentialAction":[{"@type":"SearchAction","target":{"@type":"EntryPoint","urlTemplate":"https:\/\/eglisedebrie.fr\/?s={search_term_string}"},"query-input":"required name=search_term_string"}],"inLanguage":"fr-FR"}]}},"_links":{"self":[{"href":"https:\/\/eglisedebrie.fr\/index.php?rest_route=\/wp\/v2\/pages\/2589","targetHints":{"allow":["GET"]}}],"collection":[{"href":"https:\/\/eglisedebrie.fr\/index.php?rest_route=\/wp\/v2\/pages"}],"about":[{"href":"https:\/\/eglisedebrie.fr\/index.php?rest_route=\/wp\/v2\/types\/page"}],"author":[{"embeddable":true,"href":"https:\/\/eglisedebrie.fr\/index.php?rest_route=\/wp\/v2\/users\/1"}],"replies":[{"embeddable":true,"href":"https:\/\/eglisedebrie.fr\/index.php?rest_route=%2Fwp%2Fv2%2Fcomments&post=2589"}],"version-history":[{"count":13,"href":"https:\/\/eglisedebrie.fr\/index.php?rest_route=\/wp\/v2\/pages\/2589\/revisions"}],"predecessor-version":[{"id":4069,"href":"https:\/\/eglisedebrie.fr\/index.php?rest_route=\/wp\/v2\/pages\/2589\/revisions\/4069"}],"wp:featuredmedia":[{"embeddable":true,"href":"https:\/\/eglisedebrie.fr\/index.php?rest_route=\/wp\/v2\/media\/2597"}],"wp:attachment":[{"href":"https:\/\/eglisedebrie.fr\/index.php?rest_route=%2Fwp%2Fv2%2Fmedia&parent=2589"}],"curies":[{"name":"wp","href":"https:\/\/api.w.org\/{rel}","templated":true}]}}