{"id":2416,"date":"2021-02-25T10:44:12","date_gmt":"2021-02-25T09:44:12","guid":{"rendered":"http:\/\/testeglise.ovh\/?page_id=2416"},"modified":"2023-10-16T21:35:33","modified_gmt":"2023-10-16T19:35:33","slug":"peintures-murales","status":"publish","type":"page","link":"https:\/\/eglisedebrie.fr\/?page_id=2416","title":{"rendered":"Peintures murales"},"content":{"rendered":"<div class=\"wp-block-image\">\n<figure class=\"alignright size-large is-resized\"><img loading=\"lazy\" decoding=\"async\" width=\"538\" height=\"1024\" src=\"http:\/\/testeglise.ovh\/wp-content\/uploads\/2021\/02\/Image6_mod-538x1024.jpg\" alt=\"\" class=\"wp-image-2437\" style=\"width:275px;height:524px\" srcset=\"https:\/\/eglisedebrie.fr\/wp-content\/uploads\/2021\/02\/Image6_mod-538x1024.jpg 538w, https:\/\/eglisedebrie.fr\/wp-content\/uploads\/2021\/02\/Image6_mod-158x300.jpg 158w, https:\/\/eglisedebrie.fr\/wp-content\/uploads\/2021\/02\/Image6_mod-768x1462.jpg 768w, https:\/\/eglisedebrie.fr\/wp-content\/uploads\/2021\/02\/Image6_mod-807x1536.jpg 807w, https:\/\/eglisedebrie.fr\/wp-content\/uploads\/2021\/02\/Image6_mod.jpg 855w\" sizes=\"auto, (max-width: 538px) 100vw, 538px\" \/><\/figure>\n<\/div>\n\n\n<p class=\"has-black-color has-text-color\">L\u2019ensemble de l\u2019int\u00e9rieur de l\u2019\u00e9glise avait \u00e9t\u00e9 totalement recouvert d\u2019un lait de chaux qui, au cours des ann\u00e9es, avait noirci et s\u2019\u00e9caillait. Ces \u00e9cailles laissaient appara\u00eetre des traces sporadiques de d\u00e9cors peints sur toute la partie gothique de l\u2019\u00e9glise.<\/p>\n\n\n\n<p class=\"has-black-color has-text-color\">Chaque nuance de couleurs a \u00e9t\u00e9 observ\u00e9e, des \u00e9chantillons ont \u00e9t\u00e9 pr\u00e9lev\u00e9s, afin de pouvoir restituer des d\u00e9cors les plus fid\u00e8les possible. Plusieurs couches de pigments superpos\u00e9s confirment que l\u2019\u00e9glise a \u00e9t\u00e9 enti\u00e8rement color\u00e9e d\u00e8s son origine et repeinte plusieurs fois au cours des si\u00e8cles.<\/p>\n\n\n\n<figure class=\"wp-block-image size-large\"><img loading=\"lazy\" decoding=\"async\" width=\"1024\" height=\"349\" src=\"http:\/\/testeglise.ovh\/wp-content\/uploads\/2021\/02\/restaurations_peinture-1024x349.jpg\" alt=\"\" class=\"wp-image-2436\" srcset=\"https:\/\/eglisedebrie.fr\/wp-content\/uploads\/2021\/02\/restaurations_peinture-1024x349.jpg 1024w, https:\/\/eglisedebrie.fr\/wp-content\/uploads\/2021\/02\/restaurations_peinture-300x102.jpg 300w, https:\/\/eglisedebrie.fr\/wp-content\/uploads\/2021\/02\/restaurations_peinture-768x262.jpg 768w, https:\/\/eglisedebrie.fr\/wp-content\/uploads\/2021\/02\/restaurations_peinture-1536x524.jpg 1536w, https:\/\/eglisedebrie.fr\/wp-content\/uploads\/2021\/02\/restaurations_peinture.jpg 1729w\" sizes=\"auto, (max-width: 1024px) 100vw, 1024px\" \/><\/figure>\n\n\n\n<p>La restauration des chapelles a pos\u00e9 de nouveaux probl\u00e8mes. En effet, celles-ci, plus accessibles, ont vu leurs d\u00e9cors maintes fois modifi\u00e9s au cours des si\u00e8cles, sans que parfois des traces de polychromie ant\u00e9rieures soient encore visibles. Il a donc \u00e9t\u00e9 choisi de restaurer les chapelles, avec les d\u00e9cors les plus pr\u00e9sents, quelle que soit leur \u00e9poque.<\/p>\n\n\n\n<p>Des badigeons de chaux ayant totalement occult\u00e9 le graphisme, quelques sondages dispos\u00e9s r\u00e9guli\u00e8rement ont permis de le r\u00e9v\u00e9ler. Apr\u00e8s un grattage de toute la surface, un nettoyage a \u00e9t\u00e9 r\u00e9alis\u00e9 par application de compresses de ouate de cellulose imbib\u00e9es d\u2019eau distill\u00e9e.<\/p>\n\n\n\n<figure class=\"wp-block-image size-large\"><img loading=\"lazy\" decoding=\"async\" width=\"1024\" height=\"382\" src=\"http:\/\/testeglise.ovh\/wp-content\/uploads\/2021\/02\/grattage_restau-1024x382.jpg\" alt=\"\" class=\"wp-image-2438\" srcset=\"https:\/\/eglisedebrie.fr\/wp-content\/uploads\/2021\/02\/grattage_restau-1024x382.jpg 1024w, https:\/\/eglisedebrie.fr\/wp-content\/uploads\/2021\/02\/grattage_restau-300x112.jpg 300w, https:\/\/eglisedebrie.fr\/wp-content\/uploads\/2021\/02\/grattage_restau-768x287.jpg 768w, https:\/\/eglisedebrie.fr\/wp-content\/uploads\/2021\/02\/grattage_restau.jpg 1152w\" sizes=\"auto, (max-width: 1024px) 100vw, 1024px\" \/><\/figure>\n\n\n\n<p>\u00c0 partir des d\u00e9corations retrouv\u00e9es, un poncif  a \u00e9t\u00e9 r\u00e9alis\u00e9 d&rsquo;apr\u00e8s un motif encore complet afin de combler les manques.<\/p>\n\n\n\n<figure class=\"wp-block-image size-large\"><img loading=\"lazy\" decoding=\"async\" width=\"1003\" height=\"660\" src=\"http:\/\/testeglise.ovh\/wp-content\/uploads\/2021\/02\/voutes_avant_apres.jpg\" alt=\"\" class=\"wp-image-2435\" srcset=\"https:\/\/eglisedebrie.fr\/wp-content\/uploads\/2021\/02\/voutes_avant_apres.jpg 1003w, https:\/\/eglisedebrie.fr\/wp-content\/uploads\/2021\/02\/voutes_avant_apres-300x197.jpg 300w, https:\/\/eglisedebrie.fr\/wp-content\/uploads\/2021\/02\/voutes_avant_apres-768x505.jpg 768w\" sizes=\"auto, (max-width: 1003px) 100vw, 1003px\" \/><\/figure>\n\n\n\n<p>Aujourd\u2019hui, l\u2019\u00e9glise a retrouv\u00e9 la luminosit\u00e9 et l&rsquo;\u00e9clat qu\u2019elle avait perdus au cours des si\u00e8cles.<\/p>\n","protected":false},"excerpt":{"rendered":"<p>L\u2019ensemble de l\u2019int\u00e9rieur de l\u2019\u00e9glise avait \u00e9t\u00e9 totalement recouvert d\u2019un lait de chaux qui, au cours des ann\u00e9es, avait noirci et s\u2019\u00e9caillait. Ces \u00e9cailles laissaient appara\u00eetre des traces sporadiques de d\u00e9cors peints sur toute la partie gothique de l\u2019\u00e9glise. Chaque nuance de couleurs a \u00e9t\u00e9 observ\u00e9e, des \u00e9chantillons ont \u00e9t\u00e9 pr\u00e9lev\u00e9s, afin de pouvoir restituer [&hellip;]<\/p>\n","protected":false},"author":1,"featured_media":3763,"parent":0,"menu_order":0,"comment_status":"closed","ping_status":"closed","template":"","meta":{"footnotes":""},"class_list":["post-2416","page","type-page","status-publish","has-post-thumbnail","hentry"],"yoast_head":"<!-- This site is optimized with the Yoast SEO plugin v21.5 - https:\/\/yoast.com\/wordpress\/plugins\/seo\/ -->\n<title>Peintures murales - Eglise Saint-Etienne de Brie-Comte-Robert<\/title>\n<meta name=\"robots\" content=\"index, follow, max-snippet:-1, max-image-preview:large, max-video-preview:-1\" \/>\n<link rel=\"canonical\" href=\"https:\/\/eglisedebrie.fr\/?page_id=2416\" \/>\n<meta property=\"og:locale\" content=\"fr_FR\" \/>\n<meta property=\"og:type\" content=\"article\" \/>\n<meta property=\"og:title\" content=\"Peintures murales - Eglise Saint-Etienne de Brie-Comte-Robert\" \/>\n<meta property=\"og:description\" content=\"L\u2019ensemble de l\u2019int\u00e9rieur de l\u2019\u00e9glise avait \u00e9t\u00e9 totalement recouvert d\u2019un lait de chaux qui, au cours des ann\u00e9es, avait noirci et s\u2019\u00e9caillait. Ces \u00e9cailles laissaient appara\u00eetre des traces sporadiques de d\u00e9cors peints sur toute la partie gothique de l\u2019\u00e9glise. Chaque nuance de couleurs a \u00e9t\u00e9 observ\u00e9e, des \u00e9chantillons ont \u00e9t\u00e9 pr\u00e9lev\u00e9s, afin de pouvoir restituer [&hellip;]\" \/>\n<meta property=\"og:url\" content=\"https:\/\/eglisedebrie.fr\/?page_id=2416\" \/>\n<meta property=\"og:site_name\" content=\"Eglise Saint-Etienne de Brie-Comte-Robert\" \/>\n<meta property=\"article:modified_time\" content=\"2023-10-16T19:35:33+00:00\" \/>\n<meta property=\"og:image\" content=\"https:\/\/eglisedebrie.fr\/wp-content\/uploads\/2023\/10\/16-21-PEINTRES-scaled.jpg\" \/>\n\t<meta property=\"og:image:width\" content=\"2560\" \/>\n\t<meta property=\"og:image:height\" content=\"843\" \/>\n\t<meta property=\"og:image:type\" content=\"image\/jpeg\" \/>\n<meta name=\"twitter:card\" content=\"summary_large_image\" \/>\n<meta name=\"twitter:label1\" content=\"Dur\u00e9e de lecture estim\u00e9e\" \/>\n\t<meta name=\"twitter:data1\" content=\"1 minute\" \/>\n<script type=\"application\/ld+json\" class=\"yoast-schema-graph\">{\"@context\":\"https:\/\/schema.org\",\"@graph\":[{\"@type\":\"WebPage\",\"@id\":\"https:\/\/eglisedebrie.fr\/?page_id=2416\",\"url\":\"https:\/\/eglisedebrie.fr\/?page_id=2416\",\"name\":\"Peintures murales - Eglise Saint-Etienne de Brie-Comte-Robert\",\"isPartOf\":{\"@id\":\"https:\/\/eglisedebrie.fr\/#website\"},\"datePublished\":\"2021-02-25T09:44:12+00:00\",\"dateModified\":\"2023-10-16T19:35:33+00:00\",\"breadcrumb\":{\"@id\":\"https:\/\/eglisedebrie.fr\/?page_id=2416#breadcrumb\"},\"inLanguage\":\"fr-FR\",\"potentialAction\":[{\"@type\":\"ReadAction\",\"target\":[\"https:\/\/eglisedebrie.fr\/?page_id=2416\"]}]},{\"@type\":\"BreadcrumbList\",\"@id\":\"https:\/\/eglisedebrie.fr\/?page_id=2416#breadcrumb\",\"itemListElement\":[{\"@type\":\"ListItem\",\"position\":1,\"name\":\"Accueil\",\"item\":\"https:\/\/eglisedebrie.fr\/\"},{\"@type\":\"ListItem\",\"position\":2,\"name\":\"Peintures murales\"}]},{\"@type\":\"WebSite\",\"@id\":\"https:\/\/eglisedebrie.fr\/#website\",\"url\":\"https:\/\/eglisedebrie.fr\/\",\"name\":\"Eglise Saint-Etienne de Brie-Comte-Robert\",\"description\":\"\u00a9 Les Amis du Vieux Ch\u00e2teau\",\"potentialAction\":[{\"@type\":\"SearchAction\",\"target\":{\"@type\":\"EntryPoint\",\"urlTemplate\":\"https:\/\/eglisedebrie.fr\/?s={search_term_string}\"},\"query-input\":\"required name=search_term_string\"}],\"inLanguage\":\"fr-FR\"}]}<\/script>\n<!-- \/ Yoast SEO plugin. -->","yoast_head_json":{"title":"Peintures murales - Eglise Saint-Etienne de Brie-Comte-Robert","robots":{"index":"index","follow":"follow","max-snippet":"max-snippet:-1","max-image-preview":"max-image-preview:large","max-video-preview":"max-video-preview:-1"},"canonical":"https:\/\/eglisedebrie.fr\/?page_id=2416","og_locale":"fr_FR","og_type":"article","og_title":"Peintures murales - Eglise Saint-Etienne de Brie-Comte-Robert","og_description":"L\u2019ensemble de l\u2019int\u00e9rieur de l\u2019\u00e9glise avait \u00e9t\u00e9 totalement recouvert d\u2019un lait de chaux qui, au cours des ann\u00e9es, avait noirci et s\u2019\u00e9caillait. Ces \u00e9cailles laissaient appara\u00eetre des traces sporadiques de d\u00e9cors peints sur toute la partie gothique de l\u2019\u00e9glise. Chaque nuance de couleurs a \u00e9t\u00e9 observ\u00e9e, des \u00e9chantillons ont \u00e9t\u00e9 pr\u00e9lev\u00e9s, afin de pouvoir restituer [&hellip;]","og_url":"https:\/\/eglisedebrie.fr\/?page_id=2416","og_site_name":"Eglise Saint-Etienne de Brie-Comte-Robert","article_modified_time":"2023-10-16T19:35:33+00:00","og_image":[{"width":2560,"height":843,"url":"https:\/\/eglisedebrie.fr\/wp-content\/uploads\/2023\/10\/16-21-PEINTRES-scaled.jpg","type":"image\/jpeg"}],"twitter_card":"summary_large_image","twitter_misc":{"Dur\u00e9e de lecture estim\u00e9e":"1 minute"},"schema":{"@context":"https:\/\/schema.org","@graph":[{"@type":"WebPage","@id":"https:\/\/eglisedebrie.fr\/?page_id=2416","url":"https:\/\/eglisedebrie.fr\/?page_id=2416","name":"Peintures murales - Eglise Saint-Etienne de Brie-Comte-Robert","isPartOf":{"@id":"https:\/\/eglisedebrie.fr\/#website"},"datePublished":"2021-02-25T09:44:12+00:00","dateModified":"2023-10-16T19:35:33+00:00","breadcrumb":{"@id":"https:\/\/eglisedebrie.fr\/?page_id=2416#breadcrumb"},"inLanguage":"fr-FR","potentialAction":[{"@type":"ReadAction","target":["https:\/\/eglisedebrie.fr\/?page_id=2416"]}]},{"@type":"BreadcrumbList","@id":"https:\/\/eglisedebrie.fr\/?page_id=2416#breadcrumb","itemListElement":[{"@type":"ListItem","position":1,"name":"Accueil","item":"https:\/\/eglisedebrie.fr\/"},{"@type":"ListItem","position":2,"name":"Peintures murales"}]},{"@type":"WebSite","@id":"https:\/\/eglisedebrie.fr\/#website","url":"https:\/\/eglisedebrie.fr\/","name":"Eglise Saint-Etienne de Brie-Comte-Robert","description":"\u00a9 Les Amis du Vieux Ch\u00e2teau","potentialAction":[{"@type":"SearchAction","target":{"@type":"EntryPoint","urlTemplate":"https:\/\/eglisedebrie.fr\/?s={search_term_string}"},"query-input":"required name=search_term_string"}],"inLanguage":"fr-FR"}]}},"_links":{"self":[{"href":"https:\/\/eglisedebrie.fr\/index.php?rest_route=\/wp\/v2\/pages\/2416","targetHints":{"allow":["GET"]}}],"collection":[{"href":"https:\/\/eglisedebrie.fr\/index.php?rest_route=\/wp\/v2\/pages"}],"about":[{"href":"https:\/\/eglisedebrie.fr\/index.php?rest_route=\/wp\/v2\/types\/page"}],"author":[{"embeddable":true,"href":"https:\/\/eglisedebrie.fr\/index.php?rest_route=\/wp\/v2\/users\/1"}],"replies":[{"embeddable":true,"href":"https:\/\/eglisedebrie.fr\/index.php?rest_route=%2Fwp%2Fv2%2Fcomments&post=2416"}],"version-history":[{"count":1,"href":"https:\/\/eglisedebrie.fr\/index.php?rest_route=\/wp\/v2\/pages\/2416\/revisions"}],"predecessor-version":[{"id":3764,"href":"https:\/\/eglisedebrie.fr\/index.php?rest_route=\/wp\/v2\/pages\/2416\/revisions\/3764"}],"wp:featuredmedia":[{"embeddable":true,"href":"https:\/\/eglisedebrie.fr\/index.php?rest_route=\/wp\/v2\/media\/3763"}],"wp:attachment":[{"href":"https:\/\/eglisedebrie.fr\/index.php?rest_route=%2Fwp%2Fv2%2Fmedia&parent=2416"}],"curies":[{"name":"wp","href":"https:\/\/api.w.org\/{rel}","templated":true}]}}