{"id":15,"date":"2021-01-07T16:45:29","date_gmt":"2021-01-07T15:45:29","guid":{"rendered":"http:\/\/testeglise.ovh\/?page_id=15"},"modified":"2024-02-07T17:11:11","modified_gmt":"2024-02-07T16:11:11","slug":"contact","status":"publish","type":"page","link":"https:\/\/eglisedebrie.fr\/?page_id=15","title":{"rendered":"Situer la ville, l&rsquo;\u00e9glise ou bien organiser une visite"},"content":{"rendered":"\n<p><strong>L&rsquo;\u00e9glise Saint-\u00c9tienne de Brie-Comte-Robert est situ\u00e9e sur les hauteurs de la ville<\/strong>. Elle \u00e9tait proche de la porte Ouest qui ouvrait sur un quartier, possession du chapitre de Notre-Dame de Paris.<\/p>\n\n\n\n<p>Des visites programm\u00e9es sont p\u00e9riodiquement organis\u00e9es par les Amis du Vieux Ch\u00e2teau, particuli\u00e8rement lors des manifestations culturelles comme les Journ\u00e9es europ\u00e9ennes du patrimoine ou bien sur rendez-vous.<\/p>\n\n\n\n<p>Vous pouvez \u00e9galement visiter<\/p>\n\n\n\n<p><a href=\"http:\/\/www.amisduvieuxchateau.org\">Le chateau de Brie Comte Robert<\/a><\/p>\n\n\n\n<p><a href=\"http:\/\/www.hoteldieudebrie.org\">L&rsquo;h\u00f4tel-Dieu<\/a><\/p>\n","protected":false},"excerpt":{"rendered":"<p>L&rsquo;\u00e9glise Saint-\u00c9tienne de Brie-Comte-Robert est situ\u00e9e sur les hauteurs de la ville. Elle \u00e9tait proche de la porte Ouest qui ouvrait sur un quartier, possession du chapitre de Notre-Dame de Paris. Des visites programm\u00e9es sont p\u00e9riodiquement organis\u00e9es par les Amis du Vieux Ch\u00e2teau, particuli\u00e8rement lors des manifestations culturelles comme les Journ\u00e9es europ\u00e9ennes du patrimoine ou [&hellip;]<\/p>\n","protected":false},"author":1,"featured_media":361,"parent":0,"menu_order":0,"comment_status":"closed","ping_status":"closed","template":"","meta":{"footnotes":""},"class_list":["post-15","page","type-page","status-publish","has-post-thumbnail","hentry"],"yoast_head":"<!-- This site is optimized with the Yoast SEO plugin v21.5 - https:\/\/yoast.com\/wordpress\/plugins\/seo\/ -->\n<title>Situer la ville, l&#039;\u00e9glise ou bien organiser une visite - Eglise Saint-Etienne de Brie-Comte-Robert<\/title>\n<meta name=\"robots\" content=\"index, follow, max-snippet:-1, max-image-preview:large, max-video-preview:-1\" \/>\n<link rel=\"canonical\" href=\"https:\/\/eglisedebrie.fr\/?page_id=15\" \/>\n<meta property=\"og:locale\" content=\"fr_FR\" \/>\n<meta property=\"og:type\" content=\"article\" \/>\n<meta property=\"og:title\" content=\"Situer la ville, l&#039;\u00e9glise ou bien organiser une visite - Eglise Saint-Etienne de Brie-Comte-Robert\" \/>\n<meta property=\"og:description\" content=\"L&rsquo;\u00e9glise Saint-\u00c9tienne de Brie-Comte-Robert est situ\u00e9e sur les hauteurs de la ville. Elle \u00e9tait proche de la porte Ouest qui ouvrait sur un quartier, possession du chapitre de Notre-Dame de Paris. Des visites programm\u00e9es sont p\u00e9riodiquement organis\u00e9es par les Amis du Vieux Ch\u00e2teau, particuli\u00e8rement lors des manifestations culturelles comme les Journ\u00e9es europ\u00e9ennes du patrimoine ou [&hellip;]\" \/>\n<meta property=\"og:url\" content=\"https:\/\/eglisedebrie.fr\/?page_id=15\" \/>\n<meta property=\"og:site_name\" content=\"Eglise Saint-Etienne de Brie-Comte-Robert\" \/>\n<meta property=\"article:modified_time\" content=\"2024-02-07T16:11:11+00:00\" \/>\n<meta property=\"og:image\" content=\"http:\/\/eglisedebrie.fr\/wp-content\/uploads\/2021\/01\/quartier.jpg\" \/>\n\t<meta property=\"og:image:width\" content=\"628\" \/>\n\t<meta property=\"og:image:height\" content=\"585\" \/>\n\t<meta property=\"og:image:type\" content=\"image\/jpeg\" \/>\n<meta name=\"twitter:card\" content=\"summary_large_image\" \/>\n<meta name=\"twitter:label1\" content=\"Dur\u00e9e de lecture estim\u00e9e\" \/>\n\t<meta name=\"twitter:data1\" content=\"1 minute\" \/>\n<script type=\"application\/ld+json\" class=\"yoast-schema-graph\">{\"@context\":\"https:\/\/schema.org\",\"@graph\":[{\"@type\":\"WebPage\",\"@id\":\"https:\/\/eglisedebrie.fr\/?page_id=15\",\"url\":\"https:\/\/eglisedebrie.fr\/?page_id=15\",\"name\":\"Situer la ville, l'\u00e9glise ou bien organiser une visite - Eglise Saint-Etienne de Brie-Comte-Robert\",\"isPartOf\":{\"@id\":\"https:\/\/eglisedebrie.fr\/#website\"},\"datePublished\":\"2021-01-07T15:45:29+00:00\",\"dateModified\":\"2024-02-07T16:11:11+00:00\",\"breadcrumb\":{\"@id\":\"https:\/\/eglisedebrie.fr\/?page_id=15#breadcrumb\"},\"inLanguage\":\"fr-FR\",\"potentialAction\":[{\"@type\":\"ReadAction\",\"target\":[\"https:\/\/eglisedebrie.fr\/?page_id=15\"]}]},{\"@type\":\"BreadcrumbList\",\"@id\":\"https:\/\/eglisedebrie.fr\/?page_id=15#breadcrumb\",\"itemListElement\":[{\"@type\":\"ListItem\",\"position\":1,\"name\":\"Accueil\",\"item\":\"https:\/\/eglisedebrie.fr\/\"},{\"@type\":\"ListItem\",\"position\":2,\"name\":\"Situer la ville, l&rsquo;\u00e9glise ou bien organiser une visite\"}]},{\"@type\":\"WebSite\",\"@id\":\"https:\/\/eglisedebrie.fr\/#website\",\"url\":\"https:\/\/eglisedebrie.fr\/\",\"name\":\"Eglise Saint-Etienne de Brie-Comte-Robert\",\"description\":\"\u00a9 Les Amis du Vieux Ch\u00e2teau\",\"potentialAction\":[{\"@type\":\"SearchAction\",\"target\":{\"@type\":\"EntryPoint\",\"urlTemplate\":\"https:\/\/eglisedebrie.fr\/?s={search_term_string}\"},\"query-input\":\"required name=search_term_string\"}],\"inLanguage\":\"fr-FR\"}]}<\/script>\n<!-- \/ Yoast SEO plugin. -->","yoast_head_json":{"title":"Situer la ville, l'\u00e9glise ou bien organiser une visite - Eglise Saint-Etienne de Brie-Comte-Robert","robots":{"index":"index","follow":"follow","max-snippet":"max-snippet:-1","max-image-preview":"max-image-preview:large","max-video-preview":"max-video-preview:-1"},"canonical":"https:\/\/eglisedebrie.fr\/?page_id=15","og_locale":"fr_FR","og_type":"article","og_title":"Situer la ville, l'\u00e9glise ou bien organiser une visite - Eglise Saint-Etienne de Brie-Comte-Robert","og_description":"L&rsquo;\u00e9glise Saint-\u00c9tienne de Brie-Comte-Robert est situ\u00e9e sur les hauteurs de la ville. Elle \u00e9tait proche de la porte Ouest qui ouvrait sur un quartier, possession du chapitre de Notre-Dame de Paris. Des visites programm\u00e9es sont p\u00e9riodiquement organis\u00e9es par les Amis du Vieux Ch\u00e2teau, particuli\u00e8rement lors des manifestations culturelles comme les Journ\u00e9es europ\u00e9ennes du patrimoine ou [&hellip;]","og_url":"https:\/\/eglisedebrie.fr\/?page_id=15","og_site_name":"Eglise Saint-Etienne de Brie-Comte-Robert","article_modified_time":"2024-02-07T16:11:11+00:00","og_image":[{"width":628,"height":585,"url":"http:\/\/eglisedebrie.fr\/wp-content\/uploads\/2021\/01\/quartier.jpg","type":"image\/jpeg"}],"twitter_card":"summary_large_image","twitter_misc":{"Dur\u00e9e de lecture estim\u00e9e":"1 minute"},"schema":{"@context":"https:\/\/schema.org","@graph":[{"@type":"WebPage","@id":"https:\/\/eglisedebrie.fr\/?page_id=15","url":"https:\/\/eglisedebrie.fr\/?page_id=15","name":"Situer la ville, l'\u00e9glise ou bien organiser une visite - Eglise Saint-Etienne de Brie-Comte-Robert","isPartOf":{"@id":"https:\/\/eglisedebrie.fr\/#website"},"datePublished":"2021-01-07T15:45:29+00:00","dateModified":"2024-02-07T16:11:11+00:00","breadcrumb":{"@id":"https:\/\/eglisedebrie.fr\/?page_id=15#breadcrumb"},"inLanguage":"fr-FR","potentialAction":[{"@type":"ReadAction","target":["https:\/\/eglisedebrie.fr\/?page_id=15"]}]},{"@type":"BreadcrumbList","@id":"https:\/\/eglisedebrie.fr\/?page_id=15#breadcrumb","itemListElement":[{"@type":"ListItem","position":1,"name":"Accueil","item":"https:\/\/eglisedebrie.fr\/"},{"@type":"ListItem","position":2,"name":"Situer la ville, l&rsquo;\u00e9glise ou bien organiser une visite"}]},{"@type":"WebSite","@id":"https:\/\/eglisedebrie.fr\/#website","url":"https:\/\/eglisedebrie.fr\/","name":"Eglise Saint-Etienne de Brie-Comte-Robert","description":"\u00a9 Les Amis du Vieux Ch\u00e2teau","potentialAction":[{"@type":"SearchAction","target":{"@type":"EntryPoint","urlTemplate":"https:\/\/eglisedebrie.fr\/?s={search_term_string}"},"query-input":"required name=search_term_string"}],"inLanguage":"fr-FR"}]}},"_links":{"self":[{"href":"https:\/\/eglisedebrie.fr\/index.php?rest_route=\/wp\/v2\/pages\/15","targetHints":{"allow":["GET"]}}],"collection":[{"href":"https:\/\/eglisedebrie.fr\/index.php?rest_route=\/wp\/v2\/pages"}],"about":[{"href":"https:\/\/eglisedebrie.fr\/index.php?rest_route=\/wp\/v2\/types\/page"}],"author":[{"embeddable":true,"href":"https:\/\/eglisedebrie.fr\/index.php?rest_route=\/wp\/v2\/users\/1"}],"replies":[{"embeddable":true,"href":"https:\/\/eglisedebrie.fr\/index.php?rest_route=%2Fwp%2Fv2%2Fcomments&post=15"}],"version-history":[{"count":3,"href":"https:\/\/eglisedebrie.fr\/index.php?rest_route=\/wp\/v2\/pages\/15\/revisions"}],"predecessor-version":[{"id":4268,"href":"https:\/\/eglisedebrie.fr\/index.php?rest_route=\/wp\/v2\/pages\/15\/revisions\/4268"}],"wp:featuredmedia":[{"embeddable":true,"href":"https:\/\/eglisedebrie.fr\/index.php?rest_route=\/wp\/v2\/media\/361"}],"wp:attachment":[{"href":"https:\/\/eglisedebrie.fr\/index.php?rest_route=%2Fwp%2Fv2%2Fmedia&parent=15"}],"curies":[{"name":"wp","href":"https:\/\/api.w.org\/{rel}","templated":true}]}}